{"id":961,"date":"2025-11-25T05:37:22","date_gmt":"2025-11-25T08:37:22","guid":{"rendered":"https:\/\/itaenga.pe.gov.br\/v1\/?page_id=961"},"modified":"2025-12-19T19:44:17","modified_gmt":"2025-12-19T22:44:17","slug":"edital-001-2025-selecao-de-gestor-escolar","status":"publish","type":"page","link":"https:\/\/itaenga.pe.gov.br\/v1\/edital-001-2025-selecao-de-gestor-escolar\/","title":{"rendered":"Edital 001\/2025 &#8211; Sele\u00e7\u00e3o de Gestor Escolar"},"content":{"rendered":"<p>A Secretaria Municipal de Educa\u00e7\u00e3o de Lagoa de Itaenga \u2013 PE, torna p\u00fablica para todos(as) os(as) interessados(as) a abertura do Processo de Sele\u00e7\u00e3o P\u00fablica, destinado ao preenchimento de 12 (doze) vagas para o cargo\/fun\u00e7\u00e3o gratificada de Gestor Escolar, com atua\u00e7\u00e3o nas escolas que integram a Rede Municipal de Ensino. O processo descrito ser\u00e1 regido pela legisla\u00e7\u00e3o em vigor, em especial pelo Decreto Municipal N\u00ba 030\/2025, de 31 de Julho de 2025, bem como pelas normas, requisitos e condi\u00e7\u00f5es constantes neste Edital.<\/p>\n<p>&nbsp;<\/p>\n<p><a href=\"https:\/\/itaenga.pe.gov.br\/v1\/wp-content\/uploads\/2025\/12\/RESULTADO-FINAL-POR-CPF-DE-CANDIDATO-PARA-PUBLICACAO-EM-19-DE-DEZEMBRO-2025.pdf\"><strong>RESULTADO FINAL<\/strong><\/a><\/p>\n<p><a href=\"https:\/\/itaenga.pe.gov.br\/v1\/wp-content\/uploads\/2025\/12\/RESULTADO-PRELIMINAR-DAS-PROVAS-DE-TITULOS-LAGOA-DE-ITAENGA.pdf\"><strong>RESULTADO PRELIMINAR DAS PROVAS DE T\u00cdTULOS<\/strong><\/a><\/p>\n<p><a href=\"https:\/\/itaenga.pe.gov.br\/v1\/wp-content\/uploads\/2025\/12\/Itaenga_RESULTADO_PRELIMINAR_DA_PROVA_ESCRITA-09-DEZ2025.pdf\"><strong>RESULTADO PRELIMINAR ETAPA 03<\/strong><\/a><\/p>\n<p><strong><a href=\"https:\/\/itaenga.pe.gov.br\/v1\/wp-content\/uploads\/2025\/12\/GABARITO-OFICIAL-DA-PROVA-ESCRITA-DO-PROCESSO-SELETIVO-PARA-GESTORES-ESCOLARES-LAGOA-DE-ITAENGA.pdf\" target=\"_blank\" rel=\"noopener\">GABARITO OFICIAL<\/a><\/strong><\/p>\n<p><a href=\"https:\/\/itaenga.pe.gov.br\/v1\/wp-content\/uploads\/2025\/12\/RESULTADO-DO-DEFERIMENTO-DAS-INSCRICOES-01.12.2025-PMI.pdf\" target=\"_blank\" rel=\"noopener\"><strong>RESULTADO DO DEFERIMENTO DAS INSCRI\u00c7\u00d5ES 01.12.2025<\/strong><\/a><\/p>\n<p><strong><a href=\"https:\/\/itaenga.pe.gov.br\/v1\/wp-content\/uploads\/2025\/12\/ERRATA-002-EDITAL-SELECAO-DIRETORES-PMI.pdf\" target=\"_blank\" rel=\"noopener\">ERRATA 002 &#8211; EDITAL<\/a><\/strong><\/p>\n<p><a href=\"https:\/\/itaenga.pe.gov.br\/v1\/wp-content\/uploads\/2025\/11\/Errata_-_Edital_nBA_01_-_Selecao_Diretores_assinado.pdf\" target=\"_blank\" rel=\"noopener\"><strong>ERRATA 001 &#8211; EDITAL<\/strong><\/a><\/p>\n<p><strong><a href=\"https:\/\/itaenga.pe.gov.br\/v1\/wp-content\/uploads\/2025\/11\/EDITAL_24_nov_SELECAO_DE_GESTORES_ESCOLARES_-_2025_-_LAGOA_DE_ITAENGA_PE_-_assinado.pdf\">DOWNLOAD DO EDITAL<\/a><\/strong><\/p>\n<p>&nbsp;<\/p>\n<hr \/>\n<p>&nbsp;<\/p>\n<p><strong><a href=\"https:\/\/forms.gle\/UemAV4VCW3dhqnw98\" target=\"_blank\" rel=\"noopener\">INSCRI\u00c7\u00c3O DA SELE\u00c7\u00c3O<\/a><\/strong><\/p>\n<p>&nbsp;<\/p>\n<hr \/>\n<p>&nbsp;<\/p>\n","protected":false},"excerpt":{"rendered":"<p>A Secretaria Municipal de Educa\u00e7\u00e3o de Lagoa de Itaenga \u2013 PE, torna p\u00fablica para todos(as) os(as) interessados(as) a abertura do Processo de Sele\u00e7\u00e3o P\u00fablica, destinado ao preenchimento de 12 (doze) vagas para o cargo\/fun\u00e7\u00e3o gratificada de Gestor Escolar, com atua\u00e7\u00e3o <a class=\"leiamais\" href=\"https:\/\/itaenga.pe.gov.br\/v1\/edital-001-2025-selecao-de-gestor-escolar\/\">VER MAIS <i class=\"fa-solid fa-chevron-right\"><\/i><\/a><\/p>\n","protected":false},"author":1,"featured_media":0,"parent":0,"menu_order":0,"comment_status":"closed","ping_status":"closed","template":"","meta":{"_acf_changed":false,"footnotes":""},"class_list":["post-961","page","type-page","status-publish","hentry","active"],"acf":[],"_links":{"self":[{"href":"https:\/\/itaenga.pe.gov.br\/v1\/wp-json\/wp\/v2\/pages\/961","targetHints":{"allow":["GET"]}}],"collection":[{"href":"https:\/\/itaenga.pe.gov.br\/v1\/wp-json\/wp\/v2\/pages"}],"about":[{"href":"https:\/\/itaenga.pe.gov.br\/v1\/wp-json\/wp\/v2\/types\/page"}],"author":[{"embeddable":true,"href":"https:\/\/itaenga.pe.gov.br\/v1\/wp-json\/wp\/v2\/users\/1"}],"replies":[{"embeddable":true,"href":"https:\/\/itaenga.pe.gov.br\/v1\/wp-json\/wp\/v2\/comments?post=961"}],"version-history":[{"count":10,"href":"https:\/\/itaenga.pe.gov.br\/v1\/wp-json\/wp\/v2\/pages\/961\/revisions"}],"predecessor-version":[{"id":1014,"href":"https:\/\/itaenga.pe.gov.br\/v1\/wp-json\/wp\/v2\/pages\/961\/revisions\/1014"}],"wp:attachment":[{"href":"https:\/\/itaenga.pe.gov.br\/v1\/wp-json\/wp\/v2\/media?parent=961"}],"curies":[{"name":"wp","href":"https:\/\/api.w.org\/{rel}","templated":true}]}}