{"id":748,"date":"2025-05-22T21:39:33","date_gmt":"2025-05-23T00:39:33","guid":{"rendered":"https:\/\/itaenga.pe.gov.br\/v1\/?page_id=748"},"modified":"2025-08-22T15:51:25","modified_gmt":"2025-08-22T18:51:25","slug":"sala-do-empreendedor","status":"publish","type":"page","link":"https:\/\/itaenga.pe.gov.br\/v1\/sala-do-empreendedor\/","title":{"rendered":"Sala do Empreendedor"},"content":{"rendered":"<p><img loading=\"lazy\" decoding=\"async\" class=\"img-fluid size-medium wp-image-846 alignleft\" src=\"https:\/\/itaenga.pe.gov.br\/v1\/wp-content\/uploads\/2025\/08\/salaempreendedor-300x300.png\" alt=\"\" width=\"300\" height=\"300\" data-wp-pid=\"846\" srcset=\"https:\/\/itaenga.pe.gov.br\/v1\/wp-content\/uploads\/2025\/08\/salaempreendedor-300x300.png 300w, https:\/\/itaenga.pe.gov.br\/v1\/wp-content\/uploads\/2025\/08\/salaempreendedor-1024x1024.png 1024w, https:\/\/itaenga.pe.gov.br\/v1\/wp-content\/uploads\/2025\/08\/salaempreendedor-150x150.png 150w, https:\/\/itaenga.pe.gov.br\/v1\/wp-content\/uploads\/2025\/08\/salaempreendedor-768x768.png 768w, https:\/\/itaenga.pe.gov.br\/v1\/wp-content\/uploads\/2025\/08\/salaempreendedor-1536x1536.png 1536w, https:\/\/itaenga.pe.gov.br\/v1\/wp-content\/uploads\/2025\/08\/salaempreendedor-2048x2048.png 2048w, https:\/\/itaenga.pe.gov.br\/v1\/wp-content\/uploads\/2025\/08\/salaempreendedor-1200x1200.png 1200w\" sizes=\"auto, (max-width: 300px) 100vw, 300px\" \/><\/p>\n<p>A Sala do Empreendedor \u00e9 um importante recurso para os empreendedores locais, oferecendo suporte e orienta\u00e7\u00f5es para o desenvolvimento dos neg\u00f3cios e o crescimento econ\u00f4mico do munic\u00edpio.<span class=\"pjBG2e\" data-cid=\"246f03a7-1c0f-4f81-975b-cefcb98b6f51\"><span class=\"UV3uM\">\u00a0<\/span><\/span><\/p>\n<p><strong>Hor\u00e1rio de Atendimento<\/strong><\/p>\n<p><strong>Dias<\/strong>: Segunda a Sexta-feira<\/p>\n<p><strong>Hor\u00e1rio<\/strong>: 8h \u00e0s 13h<\/p>\n<p><strong>WhatsApp:<\/strong> (81) 9 9327-6557<\/p>\n<p><strong>Endere\u00e7o:<\/strong> Rua Josefa Maria da Silva, N 29 (Pr\u00f3ximo a prefeitura, ao lado do A2 Burguer)<\/p>\n<p><strong>E-mail<\/strong>: <a href=\"mailto:\/\/saladoempreendedor@itaenga.pe.gov.br\" target=\"_blank\" rel=\"noopener\">saladoempreendedor@itaenga.pe.gov.br<\/a><\/p>\n<p><strong>Instagram<\/strong>: <a href=\"https:\/\/www.instagram.com\/empreendedoritaenga\" target=\"_blank\" rel=\"noopener\">@empreendedoritaenga<\/a><\/p>\n<p>&nbsp;<\/p>\n<h3><strong>Cursos Sebrae<\/strong><\/h3>\n<p>Aproveite tamb\u00e9m os cursos oferecidos pelo Sebrae, com conte\u00fados especializados para quem deseja se capacitar ainda mais.<\/p>\n<p>Acesse: <a href=\"https:\/\/pe.loja.sebrae.com.br\" target=\"_blank\" rel=\"noopener\">https:\/\/pe.loja.sebrae.com.br<\/a><\/p>\n<p>Sala do Empreendedor de Lagoa de Itaenga: Um espa\u00e7o para transformar sonhos em realidade e fortalecer os neg\u00f3cios locais.<\/p>\n","protected":false},"excerpt":{"rendered":"<p>A Sala do Empreendedor \u00e9 um importante recurso para os empreendedores locais, oferecendo suporte e orienta\u00e7\u00f5es para o desenvolvimento dos neg\u00f3cios e o crescimento econ\u00f4mico do munic\u00edpio.\u00a0 Hor\u00e1rio de Atendimento Dias: Segunda a Sexta-feira Hor\u00e1rio: 8h \u00e0s 13h WhatsApp: (81) <a class=\"leiamais\" href=\"https:\/\/itaenga.pe.gov.br\/v1\/sala-do-empreendedor\/\">VER MAIS <i class=\"fa-solid fa-chevron-right\"><\/i><\/a><\/p>\n","protected":false},"author":1,"featured_media":0,"parent":0,"menu_order":0,"comment_status":"closed","ping_status":"closed","template":"","meta":{"_acf_changed":false,"footnotes":""},"class_list":["post-748","page","type-page","status-publish","hentry","active"],"acf":[],"_links":{"self":[{"href":"https:\/\/itaenga.pe.gov.br\/v1\/wp-json\/wp\/v2\/pages\/748","targetHints":{"allow":["GET"]}}],"collection":[{"href":"https:\/\/itaenga.pe.gov.br\/v1\/wp-json\/wp\/v2\/pages"}],"about":[{"href":"https:\/\/itaenga.pe.gov.br\/v1\/wp-json\/wp\/v2\/types\/page"}],"author":[{"embeddable":true,"href":"https:\/\/itaenga.pe.gov.br\/v1\/wp-json\/wp\/v2\/users\/1"}],"replies":[{"embeddable":true,"href":"https:\/\/itaenga.pe.gov.br\/v1\/wp-json\/wp\/v2\/comments?post=748"}],"version-history":[{"count":15,"href":"https:\/\/itaenga.pe.gov.br\/v1\/wp-json\/wp\/v2\/pages\/748\/revisions"}],"predecessor-version":[{"id":847,"href":"https:\/\/itaenga.pe.gov.br\/v1\/wp-json\/wp\/v2\/pages\/748\/revisions\/847"}],"wp:attachment":[{"href":"https:\/\/itaenga.pe.gov.br\/v1\/wp-json\/wp\/v2\/media?parent=748"}],"curies":[{"name":"wp","href":"https:\/\/api.w.org\/{rel}","templated":true}]}}