{"id":324,"date":"2025-02-14T21:30:40","date_gmt":"2025-02-15T00:30:40","guid":{"rendered":"https:\/\/itaenga.pe.gov.br\/v1\/?page_id=324"},"modified":"2025-02-15T08:45:49","modified_gmt":"2025-02-15T11:45:49","slug":"comdica","status":"publish","type":"page","link":"https:\/\/itaenga.pe.gov.br\/v1\/comdica\/","title":{"rendered":"COMDICA"},"content":{"rendered":"<div id=\"accordions-322\" class=\"accordions-322 accordions\" data-accordions={&quot;lazyLoad&quot;:true,&quot;id&quot;:&quot;322&quot;,&quot;event&quot;:&quot;click&quot;,&quot;collapsible&quot;:&quot;true&quot;,&quot;heightStyle&quot;:&quot;content&quot;,&quot;animateStyle&quot;:&quot;swing&quot;,&quot;animateDelay&quot;:1000,&quot;navigation&quot;:true,&quot;active&quot;:999,&quot;expandedOther&quot;:&quot;no&quot;}>\r\n                <div id=\"accordions-lazy-322\" class=\"accordions-lazy\" accordionsId=\"322\">\r\n                    <\/div>\r\n\r\n    <div class=\"items\"  style=\"display:none\" >\r\n    \r\n            <div post_id=\"322\" itemcount=\"0\"  header_id=\"header-1739579392509\" id=\"header-1739579392509\" style=\"\" class=\"accordions-head head1739579392509 border-none\" toggle-text=\"\" main-text=\"O Conselho Municipal de Defesa dos Direitos da Crian\u00e7a e do Adolescente (COMDICA) de Lagoa de Itaenga \u00e9 uma institui\u00e7\u00e3o de extrema import\u00e2ncia para a promo\u00e7\u00e3o e prote\u00e7\u00e3o dos direitos das crian\u00e7as e dos adolescentes em nosso munic\u00edpio.\">\r\n                                    <span id=\"accordion-icons-1739579392509\" class=\"accordion-icons\">\r\n                        <span class=\"accordion-icon-active accordion-plus\"><i class=\"fas fa-chevron-up\"><\/i><\/span>\r\n                        <span class=\"accordion-icon-inactive accordion-minus\"><i class=\"fas fa-chevron-right\"><\/i><\/span>\r\n                    <\/span>\r\n                    <span id=\"header-text-1739579392509\" class=\"accordions-head-title\">O Conselho Municipal de Defesa dos Direitos da Crian\u00e7a e do Adolescente (COMDICA) de Lagoa de Itaenga \u00e9 uma institui\u00e7\u00e3o de extrema import\u00e2ncia para a promo\u00e7\u00e3o e prote\u00e7\u00e3o dos direitos das crian\u00e7as e dos adolescentes em nosso munic\u00edpio.<\/span>\r\n                            <\/div>\r\n            <div class=\"accordion-content content1739579392509 \">\r\n                <p>Composto por representantes do poder p\u00fablico e da sociedade civil, o COMDICA desempenha um papel fundamental na constru\u00e7\u00e3o de uma sociedade mais justa e igualit\u00e1ria para nossas crian\u00e7as e adolescentes.<\/p>\n<p>O COMDICA de Lagoa de Itaenga \u00e9 uma inst\u00e2ncia colegiada que atua de acordo com as diretrizes do Estatuto da Crian\u00e7a e do Adolescente (ECA) e demais legisla\u00e7\u00f5es pertinentes. Sua principal miss\u00e3o \u00e9 garantir que os direitos fundamentais das crian\u00e7as e adolescentes sejam respeitados e assegurados em nossa cidade, promovendo um ambiente seguro, saud\u00e1vel e prop\u00edcio ao pleno desenvolvimento de nossos jovens cidad\u00e3os.<\/p>\n<p>Dentre as principais atribui\u00e7\u00f5es do COMDICA, destacam-se:<\/p>\n<ol class=\"wp-block-list\">\n<li>Formula\u00e7\u00e3o de pol\u00edticas p\u00fablicas: O conselho tem a responsabilidade de contribuir na formula\u00e7\u00e3o e acompanhamento das pol\u00edticas p\u00fablicas voltadas para a inf\u00e2ncia e adolesc\u00eancia em Lagoa de Itaenga. Isso envolve a elabora\u00e7\u00e3o de propostas e diretrizes que visem melhorar a qualidade de vida de nossos jovens.<\/li>\n<li>Fiscaliza\u00e7\u00e3o e controle social: O COMDICAmonitora a execu\u00e7\u00e3o das pol\u00edticas e programas voltados para crian\u00e7as e adolescentes, assegurando que os recursos sejam aplicados de forma adequada e eficiente.<\/li>\n<li>Articula\u00e7\u00e3o com a sociedade civil: O conselho promove a integra\u00e7\u00e3o entre o poder p\u00fablico e as organiza\u00e7\u00f5es da sociedade civil que atuam na defesa dos direitos da crian\u00e7a e do adolescente. Essa parceria \u00e9 fundamental para fortalecer as a\u00e7\u00f5es em prol da inf\u00e2ncia e adolesc\u00eancia.<\/li>\n<li>Realiza\u00e7\u00e3o de confer\u00eancias e eventos: O COMDICA organiza confer\u00eancias, semin\u00e1rios e outros eventos que t\u00eam como objetivo discutir e planejar estrat\u00e9gias para a melhoria das pol\u00edticas voltadas para crian\u00e7as e adolescentes em nosso munic\u00edpio.<\/li>\n<li>Atendimento a den\u00fancias: O conselho recebe den\u00fancias de viola\u00e7\u00f5es dos direitos das crian\u00e7as e adolescentes, atuando na apura\u00e7\u00e3o e encaminhamento das mesmas para os \u00f3rg\u00e3os competentes.<\/li>\n<\/ol>\n<p>Em suma, o COMDICAde Lagoa de Itaenga desempenha um papel crucial na garantia dos direitos da crian\u00e7a e do adolescente em nosso munic\u00edpio. Sua atua\u00e7\u00e3o visa criar um ambiente seguro e acolhedor, onde nossos jovens possam crescer e se desenvolver plenamente, tendo suas necessidades e aspira\u00e7\u00f5es atendidas. Portanto, \u00e9 fundamental que a sociedade local esteja engajada e apoie o trabalho desse conselho, colaborando para a constru\u00e7\u00e3o de um futuro mais justo e promissor para nossas crian\u00e7as e adolescentes.<\/p>\n            <\/div>\r\n    <\/div>\r\n\r\n\r\n\r\n            <\/div>\n\r\n\r\n\r\n<p>&nbsp;<\/p>\r\n\r\n\r\n<hr class=\"wp-block-separator has-alpha-channel-opacity\" \/>\r\n\r\n\r\n<p><span style=\"color: #ffffff;\">.<\/span><\/p>\r\n\r\n\r\n\r\n<h3 class=\"wp-block-heading\"><strong>Fundamenta\u00e7\u00e3o Legal<\/strong><\/h3>\r\n\r\n\r\n\r\n<ul class=\"wp-block-list\">\r\n<li><strong>Lei N\u00ba 388\/2001<\/strong><strong> \u2013<\/strong><a href=\"https:\/\/itaenga.pe.gov.br\/v1\/wp-content\/uploads\/2025\/02\/LEI-COMDICA-E-LEI-DO-FUNDO-DE-CRIACAO.pdf\" target=\"_blank\" rel=\"noreferrer noopener\"> Estrutura o Conselho Municipal de Defesa dos Direitos da Crian\u00e7a e do Adolescente do Munic\u00edpio de Lagoa de Itaenga.<\/a><\/li>\r\n\r\n\r\n\r\n<li><strong>Regimento Interno \u2013 <\/strong><a href=\"https:\/\/itaenga.pe.gov.br\/v1\/wp-content\/uploads\/2025\/02\/REGIMENTO-INTERNO-COMDICA-2011.pdf\" target=\"_blank\" rel=\"noopener\">Conselho Municipal de Defesa dos Direitos da Crian\u00e7a e do Adolescente<\/a><a href=\"https:\/\/itaenga.pe.gov.br\/v1\/wp-content\/uploads\/2025\/02\/REGIMENTO-INTERNO-COMDICA-2011.pdf\">.<\/a><\/li>\r\n\r\n\r\n\r\n<li><a href=\"https:\/\/itaenga.pe.gov.br\/v1\/wp-content\/uploads\/2025\/02\/PLANODECENAL-DA-PRIMEIRA-INFANCIA-CORRIGIGO-XXXXATUALIZADO.pdf\" target=\"_blank\" rel=\"noopener\">PLANO DECENAL MUNICIPAL PELA INF\u00c2NCIA E ADOLESC\u00caNCIA 2022 \u2013 2032 <\/a><\/li>\r\n\r\n\r\n\r\n<li><a href=\"https:\/\/itaenga.pe.gov.br\/v1\/wp-content\/uploads\/2025\/02\/PLANO-DA-PRIMEIRA-INFANCIA-09-01.pdf\" target=\"_blank\" rel=\"noreferrer noopener\">PLANO DECENAL MUNICIPAL PELA PRIMEIRA INF\u00c2NCIA 2022 \u2013 2032<\/a><\/li>\r\n<\/ul>\r\n\r\n\r\n\r\n<p>&nbsp;<\/p>\r\n\r\n\r\n<hr class=\"wp-block-separator has-alpha-channel-opacity\" \/>\r\n\r\n\r\n<p>&nbsp;<\/p>\r\n\r\n\r\n\r\n<h3 class=\"wp-block-heading\"><strong>Documentos<\/strong><\/h3>\r\n\r\n\r\n\r\n<p>[wpdatatable id=1]<\/p>\r\n\r\n\r\n\r\n<p>&nbsp;<\/p>\r\n\r\n\r\n\r\n<p>[wpdatatable id=2]<\/p>\r\n<p>&nbsp;<\/p>\r\n<p>[wpdatatable id=3]<\/p>\r\n","protected":false},"excerpt":{"rendered":"<p>&nbsp; . Fundamenta\u00e7\u00e3o Legal &nbsp; &nbsp; Documentos [wpdatatable id=1] &nbsp; [wpdatatable id=2] &nbsp; [wpdatatable id=3]<\/p>\n","protected":false},"author":1,"featured_media":0,"parent":0,"menu_order":0,"comment_status":"closed","ping_status":"closed","template":"","meta":{"_acf_changed":false,"footnotes":""},"class_list":["post-324","page","type-page","status-publish","hentry","active"],"acf":[],"_links":{"self":[{"href":"https:\/\/itaenga.pe.gov.br\/v1\/wp-json\/wp\/v2\/pages\/324","targetHints":{"allow":["GET"]}}],"collection":[{"href":"https:\/\/itaenga.pe.gov.br\/v1\/wp-json\/wp\/v2\/pages"}],"about":[{"href":"https:\/\/itaenga.pe.gov.br\/v1\/wp-json\/wp\/v2\/types\/page"}],"author":[{"embeddable":true,"href":"https:\/\/itaenga.pe.gov.br\/v1\/wp-json\/wp\/v2\/users\/1"}],"replies":[{"embeddable":true,"href":"https:\/\/itaenga.pe.gov.br\/v1\/wp-json\/wp\/v2\/comments?post=324"}],"version-history":[{"count":13,"href":"https:\/\/itaenga.pe.gov.br\/v1\/wp-json\/wp\/v2\/pages\/324\/revisions"}],"predecessor-version":[{"id":342,"href":"https:\/\/itaenga.pe.gov.br\/v1\/wp-json\/wp\/v2\/pages\/324\/revisions\/342"}],"wp:attachment":[{"href":"https:\/\/itaenga.pe.gov.br\/v1\/wp-json\/wp\/v2\/media?parent=324"}],"curies":[{"name":"wp","href":"https:\/\/api.w.org\/{rel}","templated":true}]}}