{"id":225,"date":"2025-02-03T20:49:34","date_gmt":"2025-02-03T23:49:34","guid":{"rendered":"https:\/\/itaenga.pe.gov.br\/v1\/?page_id=225"},"modified":"2025-02-11T10:22:32","modified_gmt":"2025-02-11T13:22:32","slug":"secretaria-da-mulher","status":"publish","type":"page","link":"https:\/\/itaenga.pe.gov.br\/v1\/secretaria-da-mulher\/","title":{"rendered":"Secretaria Municipal da Mulher"},"content":{"rendered":"<p><img loading=\"lazy\" decoding=\"async\" class=\"img-fluid size-medium wp-image-296 alignleft\" src=\"https:\/\/itaenga.pe.gov.br\/v1\/wp-content\/uploads\/2025\/02\/PM_Itaenga_Secretaria-da-mulher-210x300.jpg\" alt=\"\" width=\"210\" height=\"300\" data-wp-pid=\"296\" srcset=\"https:\/\/itaenga.pe.gov.br\/v1\/wp-content\/uploads\/2025\/02\/PM_Itaenga_Secretaria-da-mulher-210x300.jpg 210w, https:\/\/itaenga.pe.gov.br\/v1\/wp-content\/uploads\/2025\/02\/PM_Itaenga_Secretaria-da-mulher.jpg 450w\" sizes=\"auto, (max-width: 210px) 100vw, 210px\" \/><strong>SECRET\u00c1RIA<\/strong>: Solange Rodrigues Belo Lima<\/p>\n<p><strong>ENDERE\u00c7O<\/strong>: Avenida S\u00e3o Sebasti\u00e3o, 17 Centro<\/p>\n<p><strong>HOR\u00c1RIO DE FUNCIONAMENTO<\/strong>: 8h \u00e0s 13h<\/p>\n<p><a href=\"mailto:secmulher@itaenga.pe.gov.br\">secmulher@itaenga.pe.gov.br<\/a><\/p>\n<p>&nbsp;<\/p>\n<div style=\"float: left; width: 100%;\">\n<p>&nbsp;<\/p>\n<hr \/>\n<h3><strong>Compet\u00eancias<\/strong><\/h3>\n<p>A Coordenadoria da Mulher \u00e9 uma institui\u00e7\u00e3o ou departamento governamental que tem como objetivo promover a igualdade de g\u00eanero, a defesa dos direitos das mulheres e o combate \u00e0 viol\u00eancia de g\u00eanero. Essas coordenadorias s\u00e3o geralmente encontradas em n\u00edveis municipal, estadual ou nacional, dependendo do pa\u00eds.<\/p>\n<p>As Coordenadorias da Mulher desenvolvem e implementam pol\u00edticas p\u00fablicas voltadas para as mulheres, visando garantir seus direitos, promover a equidade de g\u00eanero e eliminar a discrimina\u00e7\u00e3o e a viol\u00eancia contra as mulheres. Elas desempenham um papel importante na articula\u00e7\u00e3o entre o governo, a sociedade civil e outros setores, buscando engajar a comunidade e promover a conscientiza\u00e7\u00e3o sobre quest\u00f5es de g\u00eanero.<\/p>\n<p>Essas institui\u00e7\u00f5es podem oferecer diversos servi\u00e7os, como apoio psicol\u00f3gico e jur\u00eddico para v\u00edtimas de viol\u00eancia dom\u00e9stica, programas de capacita\u00e7\u00e3o profissional, orienta\u00e7\u00e3o sobre sa\u00fade sexual e reprodutiva, incentivo \u00e0 participa\u00e7\u00e3o pol\u00edtica das mulheres e realiza\u00e7\u00e3o de campanhas educativas sobre igualdade de g\u00eanero.<\/p>\n<p>As Coordenadorias da Mulher s\u00e3o fundamentais para promover a inclus\u00e3o e o empoderamento das mulheres na sociedade, buscando superar as desigualdades hist\u00f3ricas de g\u00eanero e construir uma sociedade mais justa e igualit\u00e1ria.<\/p>\n<\/div>\n","protected":false},"excerpt":{"rendered":"<p>SECRET\u00c1RIA: Solange Rodrigues Belo Lima ENDERE\u00c7O: Avenida S\u00e3o Sebasti\u00e3o, 17 Centro HOR\u00c1RIO DE FUNCIONAMENTO: 8h \u00e0s 13h secmulher@itaenga.pe.gov.br &nbsp; &nbsp; Compet\u00eancias A Coordenadoria da Mulher \u00e9 uma institui\u00e7\u00e3o ou departamento governamental que tem como objetivo promover a igualdade de g\u00eanero, <a class=\"leiamais\" href=\"https:\/\/itaenga.pe.gov.br\/v1\/secretaria-da-mulher\/\">VER MAIS <i class=\"fa-solid fa-chevron-right\"><\/i><\/a><\/p>\n","protected":false},"author":1,"featured_media":0,"parent":0,"menu_order":0,"comment_status":"closed","ping_status":"closed","template":"","meta":{"_acf_changed":false,"footnotes":""},"class_list":["post-225","page","type-page","status-publish","hentry","active"],"acf":[],"_links":{"self":[{"href":"https:\/\/itaenga.pe.gov.br\/v1\/wp-json\/wp\/v2\/pages\/225","targetHints":{"allow":["GET"]}}],"collection":[{"href":"https:\/\/itaenga.pe.gov.br\/v1\/wp-json\/wp\/v2\/pages"}],"about":[{"href":"https:\/\/itaenga.pe.gov.br\/v1\/wp-json\/wp\/v2\/types\/page"}],"author":[{"embeddable":true,"href":"https:\/\/itaenga.pe.gov.br\/v1\/wp-json\/wp\/v2\/users\/1"}],"replies":[{"embeddable":true,"href":"https:\/\/itaenga.pe.gov.br\/v1\/wp-json\/wp\/v2\/comments?post=225"}],"version-history":[{"count":10,"href":"https:\/\/itaenga.pe.gov.br\/v1\/wp-json\/wp\/v2\/pages\/225\/revisions"}],"predecessor-version":[{"id":306,"href":"https:\/\/itaenga.pe.gov.br\/v1\/wp-json\/wp\/v2\/pages\/225\/revisions\/306"}],"wp:attachment":[{"href":"https:\/\/itaenga.pe.gov.br\/v1\/wp-json\/wp\/v2\/media?parent=225"}],"curies":[{"name":"wp","href":"https:\/\/api.w.org\/{rel}","templated":true}]}}