{"id":210,"date":"2025-02-02T19:47:34","date_gmt":"2025-02-02T22:47:34","guid":{"rendered":"https:\/\/itaenga.pe.gov.br\/v1\/?page_id=210"},"modified":"2025-02-12T09:27:36","modified_gmt":"2025-02-12T12:27:36","slug":"secretaria-municipal-de-saude","status":"publish","type":"page","link":"https:\/\/itaenga.pe.gov.br\/v1\/secretaria-municipal-de-saude\/","title":{"rendered":"Secretaria Municipal de Sa\u00fade"},"content":{"rendered":"<p><strong><img loading=\"lazy\" decoding=\"async\" class=\"img-fluid wp-image-318 alignleft\" src=\"https:\/\/itaenga.pe.gov.br\/v1\/wp-content\/uploads\/2025\/02\/IMG_9725-copiar-211x300.jpg\" alt=\"\" width=\"250\" height=\"355\" data-wp-pid=\"318\" srcset=\"https:\/\/itaenga.pe.gov.br\/v1\/wp-content\/uploads\/2025\/02\/IMG_9725-copiar-211x300.jpg 211w, https:\/\/itaenga.pe.gov.br\/v1\/wp-content\/uploads\/2025\/02\/IMG_9725-copiar.jpg 450w\" sizes=\"auto, (max-width: 250px) 100vw, 250px\" \/>SECRET\u00c1RIA<\/strong>: Deize de Oliveira Barbosa Souza<\/p>\n<p><strong>ENDERE\u00c7O<\/strong>: Avenida Adel Pedroso<\/p>\n<p><strong>HOR\u00c1RIO DE FUNCIONAMENTO<\/strong>: 8h \u00e0s 13h<\/p>\n<p><a href=\"mailto:saude@itaenga.pe.gov.br\">saude@itaenga.pe.gov.br<\/a><\/p>\n<p>&nbsp;<\/p>\n<div style=\"float: left; width: 100%;\">\n<hr \/>\n<h3><strong>Compet\u00eancia<\/strong><\/h3>\n<p>A Secretaria Municipal de Sa\u00fade (SMS), subordinada diretamente \u00e0 chefe do executivo municipal, compete planejar, desenvolver e executar a pol\u00edtica de atendimento integral das necessidades de sa\u00fade da popula\u00e7\u00e3o e desenvolver pol\u00edticas de fortalecimento ao sistema de atendimento no hospital municipal e a complementa\u00e7\u00e3o da rede ambulatorial do munic\u00edpio, bem como fortalecer as atividades da rede de aten\u00e7\u00e3o b\u00e1sica e psicossocial, coordenar e acompanhar o processo de municipaliza\u00e7\u00e3o do Sistema \u00danico de Sa\u00fade (SUS) e planejar, coordenar e executara pol\u00edtica sanit\u00e1ria municipal, implantando a\u00e7\u00f5es e programas de vigil\u00e2ncia ambiental, epidemiol\u00f3gica, sanit\u00e1ria, de vacina\u00e7\u00e3o, e das unidades b\u00e1sicas de sa\u00fade (UBS), al\u00e9m de promover pol\u00edticas de inova\u00e7\u00e3o na rede de sa\u00fade municipal.<\/p>\n<p>Competindo-lhe especificamente:<\/p>\n<p>I \u2013 Contribuir para a formula\u00e7\u00e3o do Plano de A\u00e7\u00e3o do Governo Municipal, propondo programas setoriais de sua compet\u00eancia e colaborando para a elabora\u00e7\u00e3o de programas gerais;<\/p>\n<p>II \u2013 Cumprir pol\u00edticas e diretrizes definidas no Plano de A\u00e7\u00e3o do Governo Municipal;<\/p>\n<p>III \u2013 Administrar os recursos or\u00e7ament\u00e1rios e financeiros destinados, em cada ano, \u00e0 sa\u00fade;<\/p>\n<p>IV \u2013 Propor conv\u00eanios, contratos, acordos, ajustes e outras medidas que se recomendem para a consecu\u00e7\u00e3o dos objetivos da Secretaria;<\/p>\n<p>V \u2013 Coordenar e fiscalizar a aplica\u00e7\u00e3o de verbas, dentro de conv\u00eanios espec\u00edficos;<\/p>\n<p>VI \u2013 Planejar, organizar, controlar e avaliar as a\u00e7\u00f5es e os servi\u00e7os de sa\u00fade, gerir e executar os servi\u00e7os p\u00fablicos de sa\u00fade;<\/p>\n<p>VII \u2013 Participar do planejamento, programa\u00e7\u00e3o e organiza\u00e7\u00e3o da rede regionalizada e hierarquizada do Sistema \u00danico de Sa\u00fade\/SUS, em articula\u00e7\u00e3o com a Secretaria de Estado da Sa\u00fade;<\/p>\n<p>VIII \u2013 Participar da execu\u00e7\u00e3o, controle e avalia\u00e7\u00e3o das a\u00e7\u00f5es referentes \u00e0s condi\u00e7\u00f5es e aos ambientes de trabalho;<\/p>\n<p>IX \u2013 Executar servi\u00e7os de vigil\u00e2ncia epidemiol\u00f3gica, de vigil\u00e2ncia sanit\u00e1ria, de alimenta\u00e7\u00e3o e nutri\u00e7\u00e3o, de saneamento b\u00e1sico e sa\u00fade do trabalhador;<\/p>\n<p>X \u2013 Executar pol\u00edticas de insumo e equipamentos para a sa\u00fade;<\/p>\n<p>XI \u2013 Colaborar na fiscaliza\u00e7\u00e3o das agress\u00f5es ao meio ambiente que tenham repercuss\u00f5es sobre a sa\u00fade humana, e atuar junto aos \u00f3rg\u00e3os municipais, estaduais e federais competentes, para control\u00e1-las;<\/p>\n<p>XII \u2013 Organizar e coordenar o sistema de informa\u00e7\u00e3o de sa\u00fade;<\/p>\n<p>XIII \u2013 Participar da forma\u00e7\u00e3o e da execu\u00e7\u00e3o da pol\u00edtica de forma\u00e7\u00e3o e desenvolvimento de recursos humanos da sa\u00fade;<\/p>\n<p>XIV \u2013 Elaborar normas para regulamentar as atividades de servi\u00e7os privados de sa\u00fade tendo em vista a sua relev\u00e2ncia p\u00fablica;<\/p>\n<p>XV \u2013 Fomentar, coordenar e executar programas e projetos estrat\u00e9gicos e de atendimento emergencial;<\/p>\n<p>XVI \u2013 Formar cons\u00f3rcios administrativos intermunicipais;<\/p>\n<p>XVII \u2013 Celebrar contratos e conv\u00eanios com entidades prestadoras de servi\u00e7os privados de sa\u00fade;<\/p>\n<p>XVIII \u2013 Controlar e fiscalizar os procedimentos dos servi\u00e7os p\u00fablicos de sa\u00fade no \u00e2mbito municipal;<\/p>\n<p>XIX \u2013 Prestar suporte t\u00e9cnico e administrativo ao Conselho Municipal de Sa\u00fade;<\/p>\n<p>XX \u2013 Preparar anualmente Relat\u00f3rio de Gest\u00e3o com informa\u00e7\u00f5es referentes aos resultados alcan\u00e7ados, tendo em vista as metas estabelecidas.<\/p>\n<\/div>\n","protected":false},"excerpt":{"rendered":"<p>SECRET\u00c1RIA: Deize de Oliveira Barbosa Souza ENDERE\u00c7O: Avenida Adel Pedroso HOR\u00c1RIO DE FUNCIONAMENTO: 8h \u00e0s 13h saude@itaenga.pe.gov.br &nbsp; Compet\u00eancia A Secretaria Municipal de Sa\u00fade (SMS), subordinada diretamente \u00e0 chefe do executivo municipal, compete planejar, desenvolver e executar a pol\u00edtica de <a class=\"leiamais\" href=\"https:\/\/itaenga.pe.gov.br\/v1\/secretaria-municipal-de-saude\/\">VER MAIS <i class=\"fa-solid fa-chevron-right\"><\/i><\/a><\/p>\n","protected":false},"author":1,"featured_media":0,"parent":0,"menu_order":0,"comment_status":"closed","ping_status":"closed","template":"","meta":{"_acf_changed":false,"footnotes":""},"class_list":["post-210","page","type-page","status-publish","hentry","active"],"acf":[],"_links":{"self":[{"href":"https:\/\/itaenga.pe.gov.br\/v1\/wp-json\/wp\/v2\/pages\/210","targetHints":{"allow":["GET"]}}],"collection":[{"href":"https:\/\/itaenga.pe.gov.br\/v1\/wp-json\/wp\/v2\/pages"}],"about":[{"href":"https:\/\/itaenga.pe.gov.br\/v1\/wp-json\/wp\/v2\/types\/page"}],"author":[{"embeddable":true,"href":"https:\/\/itaenga.pe.gov.br\/v1\/wp-json\/wp\/v2\/users\/1"}],"replies":[{"embeddable":true,"href":"https:\/\/itaenga.pe.gov.br\/v1\/wp-json\/wp\/v2\/comments?post=210"}],"version-history":[{"count":4,"href":"https:\/\/itaenga.pe.gov.br\/v1\/wp-json\/wp\/v2\/pages\/210\/revisions"}],"predecessor-version":[{"id":321,"href":"https:\/\/itaenga.pe.gov.br\/v1\/wp-json\/wp\/v2\/pages\/210\/revisions\/321"}],"wp:attachment":[{"href":"https:\/\/itaenga.pe.gov.br\/v1\/wp-json\/wp\/v2\/media?parent=210"}],"curies":[{"name":"wp","href":"https:\/\/api.w.org\/{rel}","templated":true}]}}