{"id":203,"date":"2025-02-02T19:44:38","date_gmt":"2025-02-02T22:44:38","guid":{"rendered":"https:\/\/itaenga.pe.gov.br\/v1\/?page_id=203"},"modified":"2025-02-11T10:31:10","modified_gmt":"2025-02-11T13:31:10","slug":"secretaria-municipal-de-promocao-social-e-direitos-humanos","status":"publish","type":"page","link":"https:\/\/itaenga.pe.gov.br\/v1\/secretaria-municipal-de-promocao-social-e-direitos-humanos\/","title":{"rendered":"Secretaria Municipal de Promo\u00e7\u00e3o Social e Direitos Humanos"},"content":{"rendered":"<p><img loading=\"lazy\" decoding=\"async\" class=\"img-fluid  wp-image-298 alignleft\" src=\"https:\/\/itaenga.pe.gov.br\/v1\/wp-content\/uploads\/2025\/02\/PM_Itaenga_Secretaria-Municipal-de-Promocao-Social-e-Direitos-Humanos-187x300.jpg\" alt=\"\" width=\"250\" height=\"401\" data-wp-pid=\"298\" srcset=\"https:\/\/itaenga.pe.gov.br\/v1\/wp-content\/uploads\/2025\/02\/PM_Itaenga_Secretaria-Municipal-de-Promocao-Social-e-Direitos-Humanos-187x300.jpg 187w, https:\/\/itaenga.pe.gov.br\/v1\/wp-content\/uploads\/2025\/02\/PM_Itaenga_Secretaria-Municipal-de-Promocao-Social-e-Direitos-Humanos.jpg 450w\" sizes=\"auto, (max-width: 250px) 100vw, 250px\" \/><strong>SECRET\u00c1RIA<\/strong>: Eliza Raquel Siqueira da Silva<\/p>\n<p><strong>ENDERE\u00c7O<\/strong>: Pra\u00e7a Maria Aurora, 12<\/p>\n<p><strong>HOR\u00c1RIO DE FUNCIONAMENTO<\/strong>: 8h \u00e0s 13h<\/p>\n<p><a href=\"mailto:social@itaenga.pe.gov.br\">social@itaenga.pe.gov.br<\/a><\/p>\n<p>&nbsp;<\/p>\n<div style=\"float: left; width: 100%;\">\n<hr \/>\n<h3><strong>Compet\u00eancia<\/strong><\/h3>\n<p>\u00c9 \u00f3rg\u00e3o de Administra\u00e7\u00e3o Especifica, tendo por finalidade o planejamento, a execu\u00e7\u00e3o e o controle das atividades relativas \u00e0 assist\u00eancia social, compreendendo as diversas organiza\u00e7\u00f5es comunit\u00e1rias, competindo-lhe especialmente:<\/p>\n<p>I \u2013 A execu\u00e7\u00e3o de levantamentos s\u00f3cio-econ\u00f4micos das comunidades, bem como a an\u00e1lise para encaminhamento dos problemas detectados, considerando as condi\u00e7\u00f5es de sa\u00fade, educa\u00e7\u00e3o, alimenta\u00e7\u00e3o, habita\u00e7\u00e3o, saneamento b\u00e1sico, trabalho e outros;<\/p>\n<p>II \u2013 A manuten\u00e7\u00e3o de contatos com \u00f3rg\u00e3os Federais, Estaduais, Municipais, Entidades de Classes, Igrejas, Escolas, Clubes de Servi\u00e7o e demais organiza\u00e7\u00f5es comunit\u00e1rias, visando \u00e0 aquisi\u00e7\u00e3o de recursos financeiros a resolu\u00e7\u00e3o dos problemas da comunidade;<\/p>\n<p>III \u2013 Atua\u00e7\u00e3o, de forma concreta, junto \u00e0s comunidades, objetivando a conscientiza\u00e7\u00e3o para os seus problemas, bem como o devido encaminhamento aos \u00f3rg\u00e3os afins;<\/p>\n<p>IV \u2013 O apoio \u00e0 organiza\u00e7\u00e3o e ao desenvolvimento comunit\u00e1rio, com vistas \u00e0 mobiliza\u00e7\u00e3o da popula\u00e7\u00e3o na condu\u00e7\u00e3o do seu processo de mudan\u00e7a social;<\/p>\n<p>V \u2013 O apoio t\u00e9cnico e\/ou financeiro a segmentos da popula\u00e7\u00e3o que se dedicam a atividades produtivas, dentro do setor n\u00e3o organizado da economia;<\/p>\n<p>VI \u2013 A orienta\u00e7\u00e3o e assist\u00eancia t\u00e9cnica \u00e0s organiza\u00e7\u00f5es sociais e \u00e0s entidades comunit\u00e1rias com o objetivo de fortalec\u00ea-las e garantir a sua representatividade;;<\/p>\n<p>VII \u2013 A promo\u00e7\u00e3o, em articula\u00e7\u00e3o com os \u00d3rg\u00e3os Municipais, Estaduais e Federais de Educa\u00e7\u00e3o, de cursos de prepara\u00e7\u00e3o ou especializa\u00e7\u00e3o de m\u00e3o-de-obra necess\u00e1ria \u00e0s atividades econ\u00f4micas dos munic\u00edpios;<\/p>\n<p>VIII \u2013 O est\u00edmulo \u00e0 ado\u00e7\u00e3o de medidas que contribuam para ampliar o mercado de trabalho, em articula\u00e7\u00e3o com \u00f3rg\u00e3os Municipais, Estaduais, Federais e Particulares;<\/p>\n<p>IX \u2013 A promo\u00e7\u00e3o de medidas visando o acesso da popula\u00e7\u00e3o urbana e rural de baixo n\u00edvel de renda a programas de habita\u00e7\u00e3o popular, em articula\u00e7\u00e3o com \u00f3rg\u00e3os Estaduais e Federais;<\/p>\n<p>X \u2013 A assist\u00eancia e presta\u00e7\u00e3o de servi\u00e7os \u00e0 popula\u00e7\u00e3o de baixa renda, especialmente \u00e0 maternidade, \u00e0 inf\u00e2ncia, aos idosos, aos desempregados, aos migrantes e aos deficientes f\u00edsicos, no sentido de contribuir para o atendimento de suas necessidades, como garantia de seus direitos sociais;<\/p>\n<p>XI \u2013 a execu\u00e7\u00e3o de outras atividades correlatas.<\/p>\n<\/div>\n","protected":false},"excerpt":{"rendered":"<p>SECRET\u00c1RIA: Eliza Raquel Siqueira da Silva ENDERE\u00c7O: Pra\u00e7a Maria Aurora, 12 HOR\u00c1RIO DE FUNCIONAMENTO: 8h \u00e0s 13h social@itaenga.pe.gov.br &nbsp; Compet\u00eancia \u00c9 \u00f3rg\u00e3o de Administra\u00e7\u00e3o Especifica, tendo por finalidade o planejamento, a execu\u00e7\u00e3o e o controle das atividades relativas \u00e0 assist\u00eancia <a class=\"leiamais\" href=\"https:\/\/itaenga.pe.gov.br\/v1\/secretaria-municipal-de-promocao-social-e-direitos-humanos\/\">VER MAIS <i class=\"fa-solid fa-chevron-right\"><\/i><\/a><\/p>\n","protected":false},"author":1,"featured_media":0,"parent":0,"menu_order":0,"comment_status":"closed","ping_status":"closed","template":"","meta":{"_acf_changed":false,"footnotes":""},"class_list":["post-203","page","type-page","status-publish","hentry","active"],"acf":[],"_links":{"self":[{"href":"https:\/\/itaenga.pe.gov.br\/v1\/wp-json\/wp\/v2\/pages\/203","targetHints":{"allow":["GET"]}}],"collection":[{"href":"https:\/\/itaenga.pe.gov.br\/v1\/wp-json\/wp\/v2\/pages"}],"about":[{"href":"https:\/\/itaenga.pe.gov.br\/v1\/wp-json\/wp\/v2\/types\/page"}],"author":[{"embeddable":true,"href":"https:\/\/itaenga.pe.gov.br\/v1\/wp-json\/wp\/v2\/users\/1"}],"replies":[{"embeddable":true,"href":"https:\/\/itaenga.pe.gov.br\/v1\/wp-json\/wp\/v2\/comments?post=203"}],"version-history":[{"count":3,"href":"https:\/\/itaenga.pe.gov.br\/v1\/wp-json\/wp\/v2\/pages\/203\/revisions"}],"predecessor-version":[{"id":313,"href":"https:\/\/itaenga.pe.gov.br\/v1\/wp-json\/wp\/v2\/pages\/203\/revisions\/313"}],"wp:attachment":[{"href":"https:\/\/itaenga.pe.gov.br\/v1\/wp-json\/wp\/v2\/media?parent=203"}],"curies":[{"name":"wp","href":"https:\/\/api.w.org\/{rel}","templated":true}]}}