{"id":200,"date":"2025-02-02T19:43:40","date_gmt":"2025-02-02T22:43:40","guid":{"rendered":"https:\/\/itaenga.pe.gov.br\/v1\/?page_id=200"},"modified":"2025-02-03T20:59:02","modified_gmt":"2025-02-03T23:59:02","slug":"secretaria-municipal-de-infraestrutura-habitacao-e-urbanismo","status":"publish","type":"page","link":"https:\/\/itaenga.pe.gov.br\/v1\/secretaria-municipal-de-infraestrutura-habitacao-e-urbanismo\/","title":{"rendered":"Secretaria Municipal de Infraestrutura, Habita\u00e7\u00e3o e Urbanismo"},"content":{"rendered":"<p>&nbsp;<\/p>\n<p>NOME DO SECRET\u00c1RIO: Gerivaldo Vicente da Silva<\/p>\n<p>ENDERE\u00c7O: Rua 21 de Abril, 01<\/p>\n<p>HOR\u00c1RIO DE FUNCIONAMENTO: 8h \u00e0s 13h<\/p>\n<p><a href=\"mailto:infra@itaenga.pe.gov.br\">infra@itaenga.pe.gov.br<\/a><\/p>\n<p>&nbsp;<\/p>\n<hr \/>\n<h3><\/h3>\n<h3><strong>Compet\u00eancia<\/strong><\/h3>\n<p>\u00c9 \u00f3rg\u00e3o integrante de Administra\u00e7\u00e3o Espec\u00edfica, diretamente subordinada ao Chefe do Poder Executivo, tendo por finalidade a coordena\u00e7\u00e3o, a execu\u00e7\u00e3o e o controle das atividades relativas \u00e0 constru\u00e7\u00e3o, fiscaliza\u00e7\u00e3o de obras de constru\u00e7\u00e3o civil e obras de pavimenta\u00e7\u00e3o e drenagem; fiscaliza\u00e7\u00e3o de obras contratadas a terceiros; an\u00e1lise, fiscaliza\u00e7\u00e3o e julgamento dos pedidos de parcelamento de solo e dos projetos de edifica\u00e7\u00e3o particulares e de reparti\u00e7\u00f5es p\u00fablicas do Estado e da Uni\u00e3o; manuten\u00e7\u00e3o e conserva\u00e7\u00e3o dos pr\u00e9dios p\u00fablicos municipais; fiscaliza\u00e7\u00e3o de posturas; atividades de carpintaria, produ\u00e7\u00e3o e artefatos de cimento; elabora\u00e7\u00e3o de projetos t\u00e9cnicos de engenharia e arquitetura para a execu\u00e7\u00e3o de obras p\u00fablicas; estudos urban\u00edsticos para a organiza\u00e7\u00e3o da cidade competindo-lhe especialmente:<\/p>\n<p>I \u2013 Contribuir\u00a0para a formula\u00e7\u00e3o do Plano de A\u00e7\u00e3o do Governo Municipal, propondo programas setoriais de sua compet\u00eancia e colaborando para a elabora\u00e7\u00e3o de programas gerais;<\/p>\n<p>II \u2013 Cumprir\u00a0pol\u00edticas e diretrizes definidas no Plano de A\u00e7\u00e3o do Governo Municipal e nos programas gerais e setoriais inerentes \u00e0 Secretaria;<\/p>\n<p>III \u2013 Analisar\u00a0as altera\u00e7\u00f5es verificadas nas previs\u00f5es do or\u00e7amento anual e plurianual de investimentos da Secretaria e propor os ajustamentos necess\u00e1rios;<\/p>\n<p>IV \u2013 Promover\u00a0a articula\u00e7\u00e3o da Secretaria com \u00f3rg\u00e3os e entidades da administra\u00e7\u00e3o p\u00fablica e da iniciativa privada, visando ao cumprimento das atividades setoriais;<\/p>\n<p>V \u2013 Cumprir\u00a0e fazer cumprir as normas vigentes na administra\u00e7\u00e3o municipal;<\/p>\n<p>VI \u2013 \u00a0Propor\u00a0conv\u00eanios, contratos, acordos, ajustes e outras medidas que se recomendem para a consecu\u00e7\u00e3o dos objetivos da Secretaria;<\/p>\n<p>VII \u2013 Coordenar\u00a0e fiscalizar a aplica\u00e7\u00e3o de verbas, dentro de conv\u00eanios espec\u00edficos;<\/p>\n<p>VIII \u2013 Supervisionar\u00a0e orientar a programa\u00e7\u00e3o das obras do Munic\u00edpio;<\/p>\n<p>IX \u2013 Fiscalizar\u00a0a execu\u00e7\u00e3o das obras por administra\u00e7\u00e3o direta ou indireta;<\/p>\n<p>X \u2013 Executar, conservar, manter e restaurar obras\/pr\u00e9dios p\u00fablicos;<\/p>\n<p>XI \u2013 Coordenar\u00a0e supervisionar as atividades de almoxarifado, relacionados com as atividades da Secretaria;<\/p>\n<p>XII \u2013 Orientar\u00a0e coordenar a apropria\u00e7\u00e3o e an\u00e1lise do custeio das obras, particularizando as despesas que as comp\u00f5em em suas diversas etapas;<\/p>\n<p>XIII \u2013 Preparar\u00a0relat\u00f3rio com informa\u00e7\u00f5es referentes \u00e0 atua\u00e7\u00e3o desta Secretaria e aos resultados alcan\u00e7ados, tendo em vista as metas estabelecidas, os planos e projetos em execu\u00e7\u00e3o, para consolida\u00e7\u00e3o em reuni\u00e3o com todos os \u00f3rg\u00e3os da estrutura b\u00e1sica e posterior divulga\u00e7\u00e3o pelo \u00f3rg\u00e3o competente nos meios de comunica\u00e7\u00e3o com o intuito de dar ci\u00eancia \u00e0 Comunidade;<\/p>\n<p>XIV \u2013 Exercer\u00a0o cumprimento e a fiscaliza\u00e7\u00e3o das exig\u00eancias contidas na legisla\u00e7\u00e3o de obras e edifica\u00e7\u00f5es particulares;<\/p>\n<p>XV \u2013 Coordenar\u00a0e supervisionar as atividades referentes aos alvar\u00e1s expedidos pelo setor de tributa\u00e7\u00e3o ou autoriza\u00e7\u00e3o pr\u00f3pria em suas \u00e1reas de atua\u00e7\u00e3o;<\/p>\n<p>XVI \u2013 Proceder\u00a0a exame e despacho em processos de licenciamento de obras e de parcelamento do solo urbano, na forma da legisla\u00e7\u00e3o pr\u00f3pria;<\/p>\n<p>XVII \u2013 Aprovar\u00a0os projetos executados por profissionais para terceiros, bem como, os elaborados pela Secretaria, para servi\u00e7os e obras do Munic\u00edpio, dentro das normas e legisla\u00e7\u00e3o vigente;<\/p>\n<p>XVIII \u2013 Assessorar\u00a0e representar o Prefeito, quando designado;<\/p>\n<p>XIX \u2013 Executar\u00a0outras atividades que lhes forem atribu\u00eddas pelo Chefe do Poder Executivo.<\/p>\n","protected":false},"excerpt":{"rendered":"<p>&nbsp; NOME DO SECRET\u00c1RIO: Gerivaldo Vicente da Silva ENDERE\u00c7O: Rua 21 de Abril, 01 HOR\u00c1RIO DE FUNCIONAMENTO: 8h \u00e0s 13h infra@itaenga.pe.gov.br &nbsp; Compet\u00eancia \u00c9 \u00f3rg\u00e3o integrante de Administra\u00e7\u00e3o Espec\u00edfica, diretamente subordinada ao Chefe do Poder Executivo, tendo por finalidade a <a class=\"leiamais\" href=\"https:\/\/itaenga.pe.gov.br\/v1\/secretaria-municipal-de-infraestrutura-habitacao-e-urbanismo\/\">VER MAIS <i class=\"fa-solid fa-chevron-right\"><\/i><\/a><\/p>\n","protected":false},"author":1,"featured_media":0,"parent":0,"menu_order":0,"comment_status":"closed","ping_status":"closed","template":"","meta":{"_acf_changed":false,"footnotes":""},"class_list":["post-200","page","type-page","status-publish","hentry","active"],"acf":[],"_links":{"self":[{"href":"https:\/\/itaenga.pe.gov.br\/v1\/wp-json\/wp\/v2\/pages\/200","targetHints":{"allow":["GET"]}}],"collection":[{"href":"https:\/\/itaenga.pe.gov.br\/v1\/wp-json\/wp\/v2\/pages"}],"about":[{"href":"https:\/\/itaenga.pe.gov.br\/v1\/wp-json\/wp\/v2\/types\/page"}],"author":[{"embeddable":true,"href":"https:\/\/itaenga.pe.gov.br\/v1\/wp-json\/wp\/v2\/users\/1"}],"replies":[{"embeddable":true,"href":"https:\/\/itaenga.pe.gov.br\/v1\/wp-json\/wp\/v2\/comments?post=200"}],"version-history":[{"count":1,"href":"https:\/\/itaenga.pe.gov.br\/v1\/wp-json\/wp\/v2\/pages\/200\/revisions"}],"predecessor-version":[{"id":237,"href":"https:\/\/itaenga.pe.gov.br\/v1\/wp-json\/wp\/v2\/pages\/200\/revisions\/237"}],"wp:attachment":[{"href":"https:\/\/itaenga.pe.gov.br\/v1\/wp-json\/wp\/v2\/media?parent=200"}],"curies":[{"name":"wp","href":"https:\/\/api.w.org\/{rel}","templated":true}]}}