{"id":197,"date":"2025-02-02T19:42:28","date_gmt":"2025-02-02T22:42:28","guid":{"rendered":"https:\/\/itaenga.pe.gov.br\/v1\/?page_id=197"},"modified":"2025-11-27T18:31:09","modified_gmt":"2025-11-27T21:31:09","slug":"secretaria-de-governo","status":"publish","type":"page","link":"https:\/\/itaenga.pe.gov.br\/v1\/secretaria-de-governo\/","title":{"rendered":"Secretaria Municipal de Governo"},"content":{"rendered":"<p><strong>SECRET\u00c1RIO<\/strong>:<\/p>\n<p><strong>ENDERE\u00c7O<\/strong>: Rua 21 de Abril, 01<\/p>\n<p><strong>HOR\u00c1RIO DE FUNCIONAMENTO<\/strong>: 8h \u00e0s 13h<\/p>\n<p><a href=\"mailto:governo@itaenga.pe.gov.br\">governo@itaenga.pe.gov.br<\/a><\/p>\n<p>&nbsp;<\/p>\n<div style=\"float: left; width: 100%;\">\n<hr \/>\n<h3><strong>Compet\u00eancias<\/strong><\/h3>\n<p>\u00c0 Secretaria de Governo (SEGOV), subordinada diretamente ao Chefe do Executivo do Governo Municipal, compete a promo\u00e7\u00e3o e articula\u00e7\u00e3o direta do Executivo com os demais poderes, coordenando suas atividades pol\u00edticas, c\u00edvicas e de representa\u00e7\u00e3o entre os \u00f3rg\u00e3os e entidades, articula\u00e7\u00e3o social, assim como realizar a coordena\u00e7\u00e3o da pol\u00edtica de comunica\u00e7\u00e3o, inclusive digital, sendo respons\u00e1vel pela publica\u00e7\u00e3o dos atos e expedientes na imprensa oficial, al\u00e9m de definir medidas que assegurem o cumprimento da Constitui\u00e7\u00e3o, leis e decretos.<\/p>\n<p>\u00c0 Secretaria Municipal de Governo, compete ainda:<\/p>\n<p>I \u2013 Prestar assessoramento ao Chefe do Executivo em suas rela\u00e7\u00f5es pol\u00edtico-administrativas com os mun\u00edcipes e com os \u00f3rg\u00e3os e entidades p\u00fablicas e privadas;<\/p>\n<p>II \u2013 Organizar a agenda de programas oficiais, atividades e audi\u00eancias do Prefeito e tomar as provid\u00eancias necess\u00e1rias para a sua observ\u00e2ncia;<\/p>\n<p>III \u2013 Organizar o atendimento das pessoas, f\u00edsicas ou jur\u00eddicas, que procuram o Prefeito em seus diferentes objetivos, buscando a otimiza\u00e7\u00e3o\u00a0das rela\u00e7\u00f5es entre a Administra\u00e7\u00e3o e o p\u00fablico em geral;<\/p>\n<p>IV \u2013 Elaborar a correspond\u00eancia pessoal do Prefeito, atender as partes, encaminh\u00e1-las aos \u00f3rg\u00e3os competentes e marcar-lhes audi\u00eancia;<\/p>\n<p>V \u2013 Exercer, em car\u00e1ter priorit\u00e1rio, a miss\u00e3o de representar o Prefeito nos eventos de import\u00e2ncia para a Administra\u00e7\u00e3o Municipal, quando por este designado;<\/p>\n<p>VI \u2013 Promover as articula\u00e7\u00f5es com lideran\u00e7as pol\u00edticas e parlamentares do Munic\u00edpio, objetivando o bom andamento da gest\u00e3o pol\u00edtico-administrativa;<\/p>\n<p>VII \u2013 Assessorar o Governo Municipal na interlocu\u00e7\u00e3o com o Governo Federal, Estadual e com os Governos de outros munic\u00edpios;<\/p>\n<p>VIII \u2013 Requerer junto aos setores da Prefeitura as informa\u00e7\u00f5es e documentos de interesse de sua Pasta, estabelecendo prazos para o atendimento;<\/p>\n<p>IX \u2013 Transmitir aos Secret\u00e1rios, Diretores de Departamentos e Chefes de Setores e demais servidores da Prefeitura as ordens do Gabinete do Prefeito;<\/p>\n<p>X \u2013 Receber minutas, expedir e controlar por arquivo a correspond\u00eancia particular, oficial ou telegr\u00e1fica endere\u00e7ada ao Gabinete do Prefeito;<\/p>\n<p>XI \u2013 Manifestar-se em processos direcionados ao Gabinete do Prefeito;<\/p>\n<p>XII \u2013 \u00a0Desempenhar outras atividades afins;<\/p>\n<p>XIII \u2013 Praticar todos os atos e a\u00e7\u00f5es necess\u00e1rias ao bom desempenho de suas fun\u00e7\u00f5es.<\/p>\n<\/div>\n","protected":false},"excerpt":{"rendered":"<p>SECRET\u00c1RIO: ENDERE\u00c7O: Rua 21 de Abril, 01 HOR\u00c1RIO DE FUNCIONAMENTO: 8h \u00e0s 13h governo@itaenga.pe.gov.br &nbsp; Compet\u00eancias \u00c0 Secretaria de Governo (SEGOV), subordinada diretamente ao Chefe do Executivo do Governo Municipal, compete a promo\u00e7\u00e3o e articula\u00e7\u00e3o direta do Executivo com os <a class=\"leiamais\" href=\"https:\/\/itaenga.pe.gov.br\/v1\/secretaria-de-governo\/\">VER MAIS <i class=\"fa-solid fa-chevron-right\"><\/i><\/a><\/p>\n","protected":false},"author":1,"featured_media":0,"parent":0,"menu_order":0,"comment_status":"closed","ping_status":"closed","template":"","meta":{"_acf_changed":false,"footnotes":""},"class_list":["post-197","page","type-page","status-publish","hentry","active"],"acf":[],"_links":{"self":[{"href":"https:\/\/itaenga.pe.gov.br\/v1\/wp-json\/wp\/v2\/pages\/197","targetHints":{"allow":["GET"]}}],"collection":[{"href":"https:\/\/itaenga.pe.gov.br\/v1\/wp-json\/wp\/v2\/pages"}],"about":[{"href":"https:\/\/itaenga.pe.gov.br\/v1\/wp-json\/wp\/v2\/types\/page"}],"author":[{"embeddable":true,"href":"https:\/\/itaenga.pe.gov.br\/v1\/wp-json\/wp\/v2\/users\/1"}],"replies":[{"embeddable":true,"href":"https:\/\/itaenga.pe.gov.br\/v1\/wp-json\/wp\/v2\/comments?post=197"}],"version-history":[{"count":18,"href":"https:\/\/itaenga.pe.gov.br\/v1\/wp-json\/wp\/v2\/pages\/197\/revisions"}],"predecessor-version":[{"id":980,"href":"https:\/\/itaenga.pe.gov.br\/v1\/wp-json\/wp\/v2\/pages\/197\/revisions\/980"}],"wp:attachment":[{"href":"https:\/\/itaenga.pe.gov.br\/v1\/wp-json\/wp\/v2\/media?parent=197"}],"curies":[{"name":"wp","href":"https:\/\/api.w.org\/{rel}","templated":true}]}}