{"id":192,"date":"2025-02-02T19:40:38","date_gmt":"2025-02-02T22:40:38","guid":{"rendered":"https:\/\/itaenga.pe.gov.br\/v1\/?page_id=192"},"modified":"2025-02-11T10:44:01","modified_gmt":"2025-02-11T13:44:01","slug":"secretaria-municipal-de-financas","status":"publish","type":"page","link":"https:\/\/itaenga.pe.gov.br\/v1\/secretaria-municipal-de-financas\/","title":{"rendered":"Secretaria Municipal de Finan\u00e7as"},"content":{"rendered":"<p><strong><img loading=\"lazy\" decoding=\"async\" class=\"img-fluid wp-image-295 alignleft\" src=\"https:\/\/itaenga.pe.gov.br\/v1\/wp-content\/uploads\/2025\/02\/PM_Itaenga_Secretario-de-financas-193x300.jpg\" alt=\"\" width=\"250\" height=\"389\" data-wp-pid=\"295\" srcset=\"https:\/\/itaenga.pe.gov.br\/v1\/wp-content\/uploads\/2025\/02\/PM_Itaenga_Secretario-de-financas-193x300.jpg 193w, https:\/\/itaenga.pe.gov.br\/v1\/wp-content\/uploads\/2025\/02\/PM_Itaenga_Secretario-de-financas.jpg 450w\" sizes=\"auto, (max-width: 250px) 100vw, 250px\" \/>SECRET\u00c1RIO<\/strong>: Jos\u00e9 Rosivalter de Barros<\/p>\n<p><strong>ENDERE\u00c7O<\/strong>: Rua 21 de Abril, 01<\/p>\n<p><strong>HOR\u00c1RIO DE FUNCIONAMENTO<\/strong>: 8h \u00e0s 13h<\/p>\n<p><a href=\"mailto:financas@itaenga.pe.gov.br\">financas@itaenga.pe.gov.br<\/a><\/p>\n<p>&nbsp;<\/p>\n<div style=\"float: left; width: 100%;\">\n<hr \/>\n<h3><strong>Compet\u00eancia<\/strong><\/h3>\n<p>A SECRETARIA MUNICIPAL DE FINAN\u00c7AS \u00e9 \u00f3rg\u00e3o integrante da Administra\u00e7\u00e3o Geral, diretamente ligado \u00e0 Chefe do Poder Executivo Municipal, tendo como \u00e2mbito de a\u00e7\u00e3o a execu\u00e7\u00e3o da pol\u00edtica e da administra\u00e7\u00e3o tribut\u00e1ria, fiscal e financeira do Munic\u00edpio; a fixa\u00e7\u00e3o das medidas de controle interno e a coordena\u00e7\u00e3o das provid\u00eancias exigidas pelo controle externo da Administra\u00e7\u00e3o; os estudos para previs\u00e3o da receita, bem como as provid\u00eancias executivas para a obten\u00e7\u00e3o de recursos financeiros de qualquer origem; a contabilidade geral; e a administra\u00e7\u00e3o dos recursos financeiros do Munic\u00edpio em articula\u00e7\u00e3o com a Secretaria de Administra\u00e7\u00e3o e Secretaria de Governo; o estudo de pre\u00e7os e tarifas de compet\u00eancia do Munic\u00edpio; a inscri\u00e7\u00e3o e cobran\u00e7a atrav\u00e9s da assessoria jur\u00eddica tribut\u00e1ria, da d\u00edvida ativa; a orienta\u00e7\u00e3o dos contribuintes nas suas rela\u00e7\u00f5es com o Munic\u00edpio; o aperfei\u00e7oamento da legisla\u00e7\u00e3o tribut\u00e1ria municipal; a proposi\u00e7\u00e3o de altera\u00e7\u00e3o de al\u00edquotas tribut\u00e1ria; a articula\u00e7\u00e3o com a Secretaria da Fazenda Estadual na fiscaliza\u00e7\u00e3o e a\u00e7\u00f5es conjuntas visando o aumento da arrecada\u00e7\u00e3o de tributos de interesse municipal; a execu\u00e7\u00e3o do or\u00e7amento municipal pelo desembolso programado de recursos financeiros em articula\u00e7\u00e3o com a Secretaria de Administra\u00e7\u00e3o; a cust\u00f3dia de a\u00e7\u00f5es e t\u00edtulos de qualquer natureza do Munic\u00edpio; a coordena\u00e7\u00e3o e elabora\u00e7\u00e3o das presta\u00e7\u00f5es de contas de conv\u00eanios em articula\u00e7\u00e3o com as Secretarias respons\u00e1veis pela sua execu\u00e7\u00e3o, competindo-lhe, ainda:<\/p>\n<p>I \u2013 Executar a pol\u00edtica fazend\u00e1ria municipal;<\/p>\n<p>II \u2013 Programar projetos e atividades relacionados com as \u00e1reas financeira, fiscal e tribut\u00e1ria;<\/p>\n<p>III \u2013 Desempenhar fun\u00e7\u00f5es de gest\u00e3o financeira e de contabilidade;<\/p>\n<p>IV \u2013 Elaborar, em articula\u00e7\u00e3o com as demais Secretarias, as propostas dos or\u00e7amentos anual e plurianual de investimentos;<\/p>\n<p>V \u2013 Administrar as dota\u00e7\u00f5es or\u00e7ament\u00e1rias relativas \u00e0s transfer\u00eancias destinadas a \u00f3rg\u00e3os e entidades p\u00fablicas municipais;<\/p>\n<p>VI \u2013 Administrar a d\u00edvida p\u00fablica e a d\u00edvida ativa do Munic\u00edpio;<\/p>\n<p>VII \u2013 Administrar o pagamento dos compromissos da Prefeitura;<\/p>\n<p>VIII \u2013 Administrar o lan\u00e7amento dos impostos, taxas, multas e contribui\u00e7\u00f5es de melhoria do Munic\u00edpio;<\/p>\n<p>IX \u2013 Administrar, diretamente ou por delega\u00e7\u00e3o, as receitas do Munic\u00edpio;<\/p>\n<p>X \u2013 Administrar e contabilizar a despesa e a receita na forma da legisla\u00e7\u00e3o em vigor;<\/p>\n<p>XII \u2013 Proceder \u00e0 tomada de contas dos respons\u00e1veis por dinheiro, valores, t\u00edtulos e documentos financeiros pertencentes ao Munic\u00edpio;<\/p>\n<\/div>\n","protected":false},"excerpt":{"rendered":"<p>SECRET\u00c1RIO: Jos\u00e9 Rosivalter de Barros ENDERE\u00c7O: Rua 21 de Abril, 01 HOR\u00c1RIO DE FUNCIONAMENTO: 8h \u00e0s 13h financas@itaenga.pe.gov.br &nbsp; Compet\u00eancia A SECRETARIA MUNICIPAL DE FINAN\u00c7AS \u00e9 \u00f3rg\u00e3o integrante da Administra\u00e7\u00e3o Geral, diretamente ligado \u00e0 Chefe do Poder Executivo Municipal, tendo <a class=\"leiamais\" href=\"https:\/\/itaenga.pe.gov.br\/v1\/secretaria-municipal-de-financas\/\">VER MAIS <i class=\"fa-solid fa-chevron-right\"><\/i><\/a><\/p>\n","protected":false},"author":1,"featured_media":0,"parent":0,"menu_order":0,"comment_status":"closed","ping_status":"closed","template":"","meta":{"_acf_changed":false,"footnotes":""},"class_list":["post-192","page","type-page","status-publish","hentry","active"],"acf":[],"_links":{"self":[{"href":"https:\/\/itaenga.pe.gov.br\/v1\/wp-json\/wp\/v2\/pages\/192","targetHints":{"allow":["GET"]}}],"collection":[{"href":"https:\/\/itaenga.pe.gov.br\/v1\/wp-json\/wp\/v2\/pages"}],"about":[{"href":"https:\/\/itaenga.pe.gov.br\/v1\/wp-json\/wp\/v2\/types\/page"}],"author":[{"embeddable":true,"href":"https:\/\/itaenga.pe.gov.br\/v1\/wp-json\/wp\/v2\/users\/1"}],"replies":[{"embeddable":true,"href":"https:\/\/itaenga.pe.gov.br\/v1\/wp-json\/wp\/v2\/comments?post=192"}],"version-history":[{"count":3,"href":"https:\/\/itaenga.pe.gov.br\/v1\/wp-json\/wp\/v2\/pages\/192\/revisions"}],"predecessor-version":[{"id":316,"href":"https:\/\/itaenga.pe.gov.br\/v1\/wp-json\/wp\/v2\/pages\/192\/revisions\/316"}],"wp:attachment":[{"href":"https:\/\/itaenga.pe.gov.br\/v1\/wp-json\/wp\/v2\/media?parent=192"}],"curies":[{"name":"wp","href":"https:\/\/api.w.org\/{rel}","templated":true}]}}