{"id":187,"date":"2025-02-02T19:38:26","date_gmt":"2025-02-02T22:38:26","guid":{"rendered":"https:\/\/itaenga.pe.gov.br\/v1\/?page_id=187"},"modified":"2025-02-11T10:34:25","modified_gmt":"2025-02-11T13:34:25","slug":"secretaria-municipal-de-esportes-e-juventude","status":"publish","type":"page","link":"https:\/\/itaenga.pe.gov.br\/v1\/secretaria-municipal-de-esportes-e-juventude\/","title":{"rendered":"Secretaria Municipal de Esportes e Juventude"},"content":{"rendered":"<p><strong><img loading=\"lazy\" decoding=\"async\" class=\"img-fluid wp-image-300 alignleft\" src=\"https:\/\/itaenga.pe.gov.br\/v1\/wp-content\/uploads\/2025\/02\/PM_Itaenga_Secretario-de-Esportes-e-Juventude-205x300.jpg\" alt=\"\" width=\"250\" height=\"366\" data-wp-pid=\"300\" srcset=\"https:\/\/itaenga.pe.gov.br\/v1\/wp-content\/uploads\/2025\/02\/PM_Itaenga_Secretario-de-Esportes-e-Juventude-205x300.jpg 205w, https:\/\/itaenga.pe.gov.br\/v1\/wp-content\/uploads\/2025\/02\/PM_Itaenga_Secretario-de-Esportes-e-Juventude.jpg 450w\" sizes=\"auto, (max-width: 250px) 100vw, 250px\" \/>SECRET\u00c1RIO<\/strong>: J\u00fanior Jos\u00e9 de Rosa<\/p>\n<p><strong>ENDERE\u00c7O<\/strong>: Rua Josefa Maria da Silva (NUCA)<\/p>\n<p><strong>HOR\u00c1RIO DE FUNCIONAMENTO<\/strong>: 8h \u00e0s 13h<\/p>\n<p><a href=\"mailto:esportes@itaenga.pe.gov.br\">esportes@itaenga.pe.gov.br<\/a><\/p>\n<p>&nbsp;<\/p>\n<div style=\"float: left; width: 100%;\">\n<hr \/>\n<h3><strong>Compet\u00eancia<\/strong><\/h3>\n<p>\u00c9 \u00f3rg\u00e3o de Administra\u00e7\u00e3o Especifica, tendo por finalidade a promo\u00e7\u00e3o de informa\u00e7\u00f5es visando a promo\u00e7\u00e3o do esporte e lazer, competindo-lhes especificamente:<\/p>\n<p>I \u2013 Contribuir para a formula\u00e7\u00e3o do Plano de A\u00e7\u00e3o do Governo Municipal, propondo programas setoriais de sua compet\u00eancia e colaborando para a elabora\u00e7\u00e3o de programas gerais;<\/p>\n<p>II \u2013 Analisar as altera\u00e7\u00f5es verificadas nas previs\u00f5es do or\u00e7amento anual e plurianual de investimentos da Secretaria e propor os ajustamentos necess\u00e1rios;<\/p>\n<p>III \u2013 Promover a articula\u00e7\u00e3o da Secretaria com \u00f3rg\u00e3os e entidades da administra\u00e7\u00e3o p\u00fablica e da iniciativa privada, visando ao cumprimento das atividades setoriais;<\/p>\n<p>IV \u2013 Cumprir e fazer cumprir as normas vigentes na administra\u00e7\u00e3o municipal;<\/p>\n<p>V. Propor conv\u00eanios, contratos, acordos, ajustes e outras medidas que se recomendem para a consecu\u00e7\u00e3o dos objetivos da Secretaria;<\/p>\n<p>VI \u2013 Coordenar e fiscalizar a aplica\u00e7\u00e3o de verbas, dentro de conv\u00eanios espec\u00edficos;<\/p>\n<p>VII \u2013 Promover a elabora\u00e7\u00e3o e coordenar a implanta\u00e7\u00e3o de projetos, programas e atividades relacionadas com esporte e lazer;<\/p>\n<p>VIII \u2013 Desenvolver programas e projetos esportivos;<\/p>\n<p>IX \u2013 Entrosar-se com \u00f3rg\u00e3os cong\u00eaneres do Estado e da Uni\u00e3o visando a obten\u00e7\u00e3o de recursos para o desenvolvimento do esporte e lazer;<\/p>\n<p>X \u2013 Coordenar todas as atividades em pra\u00e7as esportivas e \u00e1reas de lazer, autorizando e\/ou cancelando atividades quando houver poss\u00edveis preju\u00edzos do patrim\u00f4nio p\u00fablico municipal.<\/p>\n<p>XI \u2013 Cancelar, impedir toda e qualquer atividade esportiva no munic\u00edpio de car\u00e1ter p\u00fablico quando houver riscos a integridade f\u00edsica de atletas, participantes e p\u00fablico em geral;<\/p>\n<p>XII \u2013 Autorizar a utiliza\u00e7\u00e3o das pra\u00e7as de esportes, pra\u00e7as municipais e \u00e1reas de lazer para a realiza\u00e7\u00e3o de competi\u00e7\u00f5es intermunicipais, estaduais desde que n\u00e3o prejudiquem o calend\u00e1rio municipal de esportes e nem traga preju\u00edzos ao patrim\u00f4nio p\u00fablico e\/ou financeiro da secretaria;<\/p>\n<p>XIII \u2013 Coordenar todas as a\u00e7\u00f5es envolvendo espa\u00e7os de lazer do munic\u00edpio;<\/p>\n<p>XIV \u2013 Assessorar e representar o Prefeito, quando designado.<\/p>\n<\/div>\n","protected":false},"excerpt":{"rendered":"<p>SECRET\u00c1RIO: J\u00fanior Jos\u00e9 de Rosa ENDERE\u00c7O: Rua Josefa Maria da Silva (NUCA) HOR\u00c1RIO DE FUNCIONAMENTO: 8h \u00e0s 13h esportes@itaenga.pe.gov.br &nbsp; Compet\u00eancia \u00c9 \u00f3rg\u00e3o de Administra\u00e7\u00e3o Especifica, tendo por finalidade a promo\u00e7\u00e3o de informa\u00e7\u00f5es visando a promo\u00e7\u00e3o do esporte e lazer, <a class=\"leiamais\" href=\"https:\/\/itaenga.pe.gov.br\/v1\/secretaria-municipal-de-esportes-e-juventude\/\">VER MAIS <i class=\"fa-solid fa-chevron-right\"><\/i><\/a><\/p>\n","protected":false},"author":1,"featured_media":0,"parent":0,"menu_order":0,"comment_status":"closed","ping_status":"closed","template":"","meta":{"_acf_changed":false,"footnotes":""},"class_list":["post-187","page","type-page","status-publish","hentry","active"],"acf":[],"_links":{"self":[{"href":"https:\/\/itaenga.pe.gov.br\/v1\/wp-json\/wp\/v2\/pages\/187","targetHints":{"allow":["GET"]}}],"collection":[{"href":"https:\/\/itaenga.pe.gov.br\/v1\/wp-json\/wp\/v2\/pages"}],"about":[{"href":"https:\/\/itaenga.pe.gov.br\/v1\/wp-json\/wp\/v2\/types\/page"}],"author":[{"embeddable":true,"href":"https:\/\/itaenga.pe.gov.br\/v1\/wp-json\/wp\/v2\/users\/1"}],"replies":[{"embeddable":true,"href":"https:\/\/itaenga.pe.gov.br\/v1\/wp-json\/wp\/v2\/comments?post=187"}],"version-history":[{"count":3,"href":"https:\/\/itaenga.pe.gov.br\/v1\/wp-json\/wp\/v2\/pages\/187\/revisions"}],"predecessor-version":[{"id":315,"href":"https:\/\/itaenga.pe.gov.br\/v1\/wp-json\/wp\/v2\/pages\/187\/revisions\/315"}],"wp:attachment":[{"href":"https:\/\/itaenga.pe.gov.br\/v1\/wp-json\/wp\/v2\/media?parent=187"}],"curies":[{"name":"wp","href":"https:\/\/api.w.org\/{rel}","templated":true}]}}