{"id":180,"date":"2025-02-02T19:32:45","date_gmt":"2025-02-02T22:32:45","guid":{"rendered":"https:\/\/itaenga.pe.gov.br\/v1\/?page_id=180"},"modified":"2026-03-23T15:36:22","modified_gmt":"2026-03-23T18:36:22","slug":"secretaria-municipal-de-educacao","status":"publish","type":"page","link":"https:\/\/itaenga.pe.gov.br\/v1\/secretaria-municipal-de-educacao\/","title":{"rendered":"Secret\u00e1ria Municipal de Educa\u00e7\u00e3o"},"content":{"rendered":"<p><img loading=\"lazy\" decoding=\"async\" class=\"img-fluid  wp-image-297 alignleft\" src=\"https:\/\/itaenga.pe.gov.br\/v1\/wp-content\/uploads\/2025\/02\/PM_Itaenga_Secretaria-de-Educacao-198x300.jpg\" alt=\"\" width=\"250\" height=\"379\" data-wp-pid=\"297\" srcset=\"https:\/\/itaenga.pe.gov.br\/v1\/wp-content\/uploads\/2025\/02\/PM_Itaenga_Secretaria-de-Educacao-198x300.jpg 198w, https:\/\/itaenga.pe.gov.br\/v1\/wp-content\/uploads\/2025\/02\/PM_Itaenga_Secretaria-de-Educacao.jpg 450w\" sizes=\"auto, (max-width: 250px) 100vw, 250px\" \/> <strong>SECRET\u00c1RIA<\/strong>: L\u00e9ia Soares de Melo<\/p>\n<p><strong>ENDERE\u00c7O<\/strong>: Rua Jos\u00e9 Izid\u00f3rio, 92 Centro<\/p>\n<p><strong>HOR\u00c1RIO DE FUNCIONAMENTO<\/strong>: 8h \u00e0s 13h<\/p>\n<p><a href=\"mailto:educacao@itaenga.pe.gov.br\">educacao@itaenga.pe.gov.br<\/a><\/p>\n<p>&nbsp;<\/p>\n<div style=\"float: left; width: 100%;\">\n<hr \/>\n<h3><strong>Compet\u00eancias<\/strong><\/h3>\n<p>\u00c9 \u00f3rg\u00e3o integrante da Administra\u00e7\u00e3o Municipal diretamente ligado \u00e0 Chefe do Poder Executivo. Tem como \u00e2mbito de a\u00e7\u00e3o o planejamento, a coordena\u00e7\u00e3o, a execu\u00e7\u00e3o e o controle das atividades educacionais referentes \u00e0 orienta\u00e7\u00e3o, supervis\u00e3o e administra\u00e7\u00e3o da rede municipal de ensino, tanto na educa\u00e7\u00e3o infantil (creche e pr\u00e9-escola) quanto no ensino fundamental (s\u00e9ries iniciais e s\u00e9ries finais), de responsabilidade constitucional do munic\u00edpio. E, o apoio e orienta\u00e7\u00e3o \u00e0 iniciativa privada dedicada \u00e0 educa\u00e7\u00e3o; e a articula\u00e7\u00e3o com os Governos Federal e Estadual na integra\u00e7\u00e3o da rede municipal de ensino.<\/p>\n<p>I \u2013 O planejamento, a organiza\u00e7\u00e3o e a supervis\u00e3o dos servi\u00e7os t\u00e9cnicos administrativos de sua compet\u00eancia;<\/p>\n<p>II \u2013 As metas, a\u00e7\u00f5es e objetivos dispostos para a educa\u00e7\u00e3o, instru\u00e7\u00e3o, ensino fundamental, magist\u00e9rio p\u00fablico municipal e assist\u00eancia e apoio ao educando;<\/p>\n<p>III \u2013 O planejamento operacional e a execu\u00e7\u00e3o das atividades pedag\u00f3gicas de ensino, consoante a legisla\u00e7\u00e3o vigente, compreendendo a pesquisa did\u00e1tico pedag\u00f3gica para o desenvolvimento do ensino municipal;<\/p>\n<p>IV \u2013 O desenvolvimento de indicadores de desempenho para o sistema municipal de ensino, compreendendo o controle da documenta\u00e7\u00e3o escolar, a assist\u00eancia ao estudante e o gerenciamento das quest\u00f5es espec\u00edficas da \u00e1rea;<\/p>\n<p>V \u2013 A articula\u00e7\u00e3o com as outras unidades da Administra\u00e7\u00e3o Direta, Indireta ou Fundacional com os demais n\u00edveis de Governo e entidades da iniciativa privada para a programa\u00e7\u00e3o de atividades com alunos da rede municipal;<\/p>\n<p>VI \u2013 A presta\u00e7\u00e3o de assessoria t\u00e9cnico-administrativa aos Conselhos Municipais vinculados \u00e0 respectiva Secretaria;<\/p>\n<p>VII \u2013 Desenvolver e acompanhar as metas, a\u00e7\u00f5es e objetivos do Planejamento Estrat\u00e9gico que estejam relacionados \u00e0 Secretaria Municipal de Educa\u00e7\u00e3o;<\/p>\n<p>VIII \u2013 Desempenhar outras atividades que lhe sejam atribu\u00eddas pelo Chefe do Poder Executivo Municipal, no \u00e2mbito de sua \u00e1rea de atua\u00e7\u00e3o.<\/p>\n<p>&nbsp;<\/p>\n<hr \/>\n<p>&nbsp;<\/p>\n<h3><strong>Documentos e Atos Oficiais<\/strong><\/h3>\n<p><strong>Conselho do FUNDEB<\/strong><\/p>\n<ul class=\"wp-block-list\">\n<li><a href=\"https:\/\/itaenga.pe.gov.br\/v1\/wp-content\/uploads\/2026\/03\/5EC1C3BB-C220-4670-8C22-A6ED9D4E53A1.pdf\">Portaria 026\/2026<\/a><\/li>\n<li><a href=\"https:\/\/itaenga.pe.gov.br\/v1\/wp-content\/uploads\/2026\/03\/Portaria-de-desligamento-do-Cacs-2023-2026-1.pdf\">Portaria de desligamento do Cacs 2023-2026<\/a><\/li>\n<li><a href=\"https:\/\/itaenga.pe.gov.br\/v1\/wp-content\/uploads\/2025\/02\/Lei-756-de-15-de-Marco-de-2021-Dispoe-sobre-a-reestruturacao-do-CACS-FUNDEB.pdf\">Lei 756, de 15 de Mar\u00e7o de 2021 \u2013 Disp\u00f5e sobre a reestrutura\u00e7\u00e3o do CACS-FUNDEB<\/a><\/li>\n<li><a href=\"https:\/\/itaenga.pe.gov.br\/v1\/wp-content\/uploads\/2025\/02\/Portaria-dos-concelheiros-do-FUNDEB-018-2023.pdf\" target=\"_blank\" rel=\"noreferrer noopener\">Portaria dos conselheiros do FUNDEB 018-2023<\/a><\/li>\n<\/ul>\n<p><strong>E-mail do FUNDEB:<\/strong> <em>cacsfundeb@itaenga.pe.gov.br<\/em><\/p>\n<\/div>\n","protected":false},"excerpt":{"rendered":"<p>SECRET\u00c1RIA: L\u00e9ia Soares de Melo ENDERE\u00c7O: Rua Jos\u00e9 Izid\u00f3rio, 92 Centro HOR\u00c1RIO DE FUNCIONAMENTO: 8h \u00e0s 13h educacao@itaenga.pe.gov.br &nbsp; Compet\u00eancias \u00c9 \u00f3rg\u00e3o integrante da Administra\u00e7\u00e3o Municipal diretamente ligado \u00e0 Chefe do Poder Executivo. Tem como \u00e2mbito de a\u00e7\u00e3o o planejamento, <a class=\"leiamais\" href=\"https:\/\/itaenga.pe.gov.br\/v1\/secretaria-municipal-de-educacao\/\">VER MAIS <i class=\"fa-solid fa-chevron-right\"><\/i><\/a><\/p>\n","protected":false},"author":1,"featured_media":0,"parent":0,"menu_order":0,"comment_status":"closed","ping_status":"closed","template":"","meta":{"_acf_changed":false,"footnotes":""},"class_list":["post-180","page","type-page","status-publish","hentry","active"],"acf":[],"_links":{"self":[{"href":"https:\/\/itaenga.pe.gov.br\/v1\/wp-json\/wp\/v2\/pages\/180","targetHints":{"allow":["GET"]}}],"collection":[{"href":"https:\/\/itaenga.pe.gov.br\/v1\/wp-json\/wp\/v2\/pages"}],"about":[{"href":"https:\/\/itaenga.pe.gov.br\/v1\/wp-json\/wp\/v2\/types\/page"}],"author":[{"embeddable":true,"href":"https:\/\/itaenga.pe.gov.br\/v1\/wp-json\/wp\/v2\/users\/1"}],"replies":[{"embeddable":true,"href":"https:\/\/itaenga.pe.gov.br\/v1\/wp-json\/wp\/v2\/comments?post=180"}],"version-history":[{"count":7,"href":"https:\/\/itaenga.pe.gov.br\/v1\/wp-json\/wp\/v2\/pages\/180\/revisions"}],"predecessor-version":[{"id":1148,"href":"https:\/\/itaenga.pe.gov.br\/v1\/wp-json\/wp\/v2\/pages\/180\/revisions\/1148"}],"wp:attachment":[{"href":"https:\/\/itaenga.pe.gov.br\/v1\/wp-json\/wp\/v2\/media?parent=180"}],"curies":[{"name":"wp","href":"https:\/\/api.w.org\/{rel}","templated":true}]}}