{"id":164,"date":"2025-02-02T19:16:52","date_gmt":"2025-02-02T22:16:52","guid":{"rendered":"https:\/\/itaenga.pe.gov.br\/v1\/?page_id=164"},"modified":"2025-02-06T18:12:16","modified_gmt":"2025-02-06T21:12:16","slug":"historia-de-lagoa-de-itaenga","status":"publish","type":"page","link":"https:\/\/itaenga.pe.gov.br\/v1\/historia-de-lagoa-de-itaenga\/","title":{"rendered":"Hist\u00f3ria de Lagoa de Itaenga"},"content":{"rendered":"<p>O munic\u00edpio de Lagoa de Itaenga foi criado atrav\u00e9s da Lei Estadual n\u00ba 4966 de 20 de dezembro de 1963, sancionada pelo governador Miguel Arraes de Alencar. Foi desmembrado do munic\u00edpio de Paudalho, tendo como sede o distrito de Lagoa de Itaenga, elevado \u00e0 categoria de cidade (P\u00e1ginas 325-326 da imprensa oficial \u2013 1963). O nome Lagoa de Itaenga tem origem ind\u00edgena, pois existia a lagoa, uma grande pedra (Ita na l\u00edngua tupi-guarani) e a vegeta\u00e7\u00e3o brava (Enga na l\u00edngua do tupi-guarani), formando, assim, o nome da cidade Lagoa de Itaenga.<\/p>\n<p>&nbsp;<\/p>\n<h3><strong>Economia<\/strong><\/h3>\n<div class=\"conteudo-interna\">\n<div class=\"hentry text-justify\">\n<p>De acordo com o IBGE, em 2021:<\/p>\n<p>Valor R$ 22.468,99 &#8211; Correspondentes ao PIB (Produto Interno Bruto) Percapto<\/p>\n<p>&nbsp;<\/p>\n<h3 class=\"no-m-t cor-padrao titulo-principal font-w-bold\"><strong>Estat\u00edsticas do Munic\u00edpio<\/strong><\/h3>\n<div class=\"conteudo-interna\">\n<div class=\"hentry text-justify\">\n<p>Localiza-se a uma latitude 07\u00ba56\u201910\u201d sul e a uma longitude 35\u00ba17\u201925\u201d oeste, estando a uma altitude de 183 metros. Sua popula\u00e7\u00e3o residente em 2022 era de 19.003 habitantes.<\/p>\n<p>Possui uma \u00e1rea de 57,903 km\u00b2.<\/p>\n<p>&nbsp;<\/p>\n<\/div>\n<\/div>\n<\/div>\n<\/div>\n<p>&nbsp;<\/p>\n","protected":false},"excerpt":{"rendered":"<p>O munic\u00edpio de Lagoa de Itaenga foi criado atrav\u00e9s da Lei Estadual n\u00ba 4966 de 20 de dezembro de 1963, sancionada pelo governador Miguel Arraes de Alencar. Foi desmembrado do munic\u00edpio de Paudalho, tendo como sede o distrito de Lagoa <a class=\"leiamais\" href=\"https:\/\/itaenga.pe.gov.br\/v1\/historia-de-lagoa-de-itaenga\/\">VER MAIS <i class=\"fa-solid fa-chevron-right\"><\/i><\/a><\/p>\n","protected":false},"author":1,"featured_media":0,"parent":0,"menu_order":0,"comment_status":"closed","ping_status":"closed","template":"","meta":{"_acf_changed":false,"footnotes":""},"class_list":["post-164","page","type-page","status-publish","hentry","active"],"acf":[],"_links":{"self":[{"href":"https:\/\/itaenga.pe.gov.br\/v1\/wp-json\/wp\/v2\/pages\/164","targetHints":{"allow":["GET"]}}],"collection":[{"href":"https:\/\/itaenga.pe.gov.br\/v1\/wp-json\/wp\/v2\/pages"}],"about":[{"href":"https:\/\/itaenga.pe.gov.br\/v1\/wp-json\/wp\/v2\/types\/page"}],"author":[{"embeddable":true,"href":"https:\/\/itaenga.pe.gov.br\/v1\/wp-json\/wp\/v2\/users\/1"}],"replies":[{"embeddable":true,"href":"https:\/\/itaenga.pe.gov.br\/v1\/wp-json\/wp\/v2\/comments?post=164"}],"version-history":[{"count":3,"href":"https:\/\/itaenga.pe.gov.br\/v1\/wp-json\/wp\/v2\/pages\/164\/revisions"}],"predecessor-version":[{"id":256,"href":"https:\/\/itaenga.pe.gov.br\/v1\/wp-json\/wp\/v2\/pages\/164\/revisions\/256"}],"wp:attachment":[{"href":"https:\/\/itaenga.pe.gov.br\/v1\/wp-json\/wp\/v2\/media?parent=164"}],"curies":[{"name":"wp","href":"https:\/\/api.w.org\/{rel}","templated":true}]}}