{"id":150,"date":"2025-02-02T19:04:52","date_gmt":"2025-02-02T22:04:52","guid":{"rendered":"https:\/\/itaenga.pe.gov.br\/v1\/?page_id=150"},"modified":"2025-02-06T18:50:09","modified_gmt":"2025-02-06T21:50:09","slug":"o-vice-prefeito","status":"publish","type":"page","link":"https:\/\/itaenga.pe.gov.br\/v1\/o-vice-prefeito\/","title":{"rendered":"O Vice-Prefeito"},"content":{"rendered":"<p><strong>EST\u00caNIO FERREIRA (AVANTE)<\/strong><\/p>\n<p><img loading=\"lazy\" decoding=\"async\" class=\"img-fluid wp-image-223 alignleft\" src=\"https:\/\/itaenga.pe.gov.br\/v1\/wp-content\/uploads\/2025\/02\/Vice-Prefeito-Estenio-Ferreira.jpg\" alt=\"\" width=\"250\" height=\"337\" data-wp-pid=\"223\" srcset=\"https:\/\/itaenga.pe.gov.br\/v1\/wp-content\/uploads\/2025\/02\/Vice-Prefeito-Estenio-Ferreira.jpg 422w, https:\/\/itaenga.pe.gov.br\/v1\/wp-content\/uploads\/2025\/02\/Vice-Prefeito-Estenio-Ferreira-222x300.jpg 222w\" sizes=\"auto, (max-width: 250px) 100vw, 250px\" \/>Est\u00eanio Ferreira Oliveira da Silva nasceu em 17 de agosto de 1997, no munic\u00edpio de Condado. Sua trajet\u00f3ria profissional come\u00e7ou como estagi\u00e1rio na Assembleia Legislativa de Pernambuco. Em seguida, assumiu o cargo de coordenador na Secretaria de Educa\u00e7\u00e3o. Est\u00eanio tamb\u00e9m atuou como assessor parlamentar e diretor de recursos humanos da C\u00e2mara Municipal de Lagoa de Itaenga. Foi eleito vice-prefeito de Lagoa de Itaenga pelo Avante em 2024. A partir de janeiro de 2025, assumiu o cargo de secret\u00e1rio de Governo na Prefeitura Municipal.<\/p>\n<p>&nbsp;<\/p>\n","protected":false},"excerpt":{"rendered":"<p>EST\u00caNIO FERREIRA (AVANTE) Est\u00eanio Ferreira Oliveira da Silva nasceu em 17 de agosto de 1997, no munic\u00edpio de Condado. Sua trajet\u00f3ria profissional come\u00e7ou como estagi\u00e1rio na Assembleia Legislativa de Pernambuco. Em seguida, assumiu o cargo de coordenador na Secretaria de <a class=\"leiamais\" href=\"https:\/\/itaenga.pe.gov.br\/v1\/o-vice-prefeito\/\">VER MAIS <i class=\"fa-solid fa-chevron-right\"><\/i><\/a><\/p>\n","protected":false},"author":1,"featured_media":0,"parent":0,"menu_order":0,"comment_status":"closed","ping_status":"closed","template":"","meta":{"_acf_changed":false,"footnotes":""},"class_list":["post-150","page","type-page","status-publish","hentry","active"],"acf":[],"_links":{"self":[{"href":"https:\/\/itaenga.pe.gov.br\/v1\/wp-json\/wp\/v2\/pages\/150","targetHints":{"allow":["GET"]}}],"collection":[{"href":"https:\/\/itaenga.pe.gov.br\/v1\/wp-json\/wp\/v2\/pages"}],"about":[{"href":"https:\/\/itaenga.pe.gov.br\/v1\/wp-json\/wp\/v2\/types\/page"}],"author":[{"embeddable":true,"href":"https:\/\/itaenga.pe.gov.br\/v1\/wp-json\/wp\/v2\/users\/1"}],"replies":[{"embeddable":true,"href":"https:\/\/itaenga.pe.gov.br\/v1\/wp-json\/wp\/v2\/comments?post=150"}],"version-history":[{"count":10,"href":"https:\/\/itaenga.pe.gov.br\/v1\/wp-json\/wp\/v2\/pages\/150\/revisions"}],"predecessor-version":[{"id":281,"href":"https:\/\/itaenga.pe.gov.br\/v1\/wp-json\/wp\/v2\/pages\/150\/revisions\/281"}],"wp:attachment":[{"href":"https:\/\/itaenga.pe.gov.br\/v1\/wp-json\/wp\/v2\/media?parent=150"}],"curies":[{"name":"wp","href":"https:\/\/api.w.org\/{rel}","templated":true}]}}