{"id":147,"date":"2025-02-02T19:03:30","date_gmt":"2025-02-02T22:03:30","guid":{"rendered":"https:\/\/itaenga.pe.gov.br\/v1\/?page_id=147"},"modified":"2025-02-06T18:49:35","modified_gmt":"2025-02-06T21:49:35","slug":"o-prefeito","status":"publish","type":"page","link":"https:\/\/itaenga.pe.gov.br\/v1\/o-prefeito\/","title":{"rendered":"O Prefeito"},"content":{"rendered":"<p><strong>DIMAS NATANAEL (REPUBLICANOS)<\/strong><\/p>\n<p><img loading=\"lazy\" decoding=\"async\" class=\"img-fluid alignleft wp-image-218 \" src=\"https:\/\/itaenga.pe.gov.br\/v1\/wp-content\/uploads\/2025\/02\/Prefeito-Dimas-Natanael-222x300.jpg\" alt=\"\" width=\"250\" height=\"338\" data-wp-pid=\"218\" srcset=\"https:\/\/itaenga.pe.gov.br\/v1\/wp-content\/uploads\/2025\/02\/Prefeito-Dimas-Natanael-222x300.jpg 222w, https:\/\/itaenga.pe.gov.br\/v1\/wp-content\/uploads\/2025\/02\/Prefeito-Dimas-Natanael.jpg 422w\" sizes=\"auto, (max-width: 250px) 100vw, 250px\" \/><\/p>\n<p>Dimas Caetano de Sousa, conhecido como Dimas Natanael, nasceu em 9 de setembro de 1987, no munic\u00edpio de Carpina. Ele \u00e9 empres\u00e1rio e tem ra\u00edzes na agricultura, especialmente no cultivo de cana-de-a\u00e7\u00facar. Filho de Lula Natanael e Dona Ester, Dimas Natanael foi eleito prefeito em 2024 pelo Republicanos com 8.417 votos. Como prefeito de Lagoa de Itaenga, tem focado no fortalecimento da economia local e na melhoria da qualidade de vida da popula\u00e7\u00e3o, sempre com um olhar voltado para o progresso da cidade.<\/p>\n","protected":false},"excerpt":{"rendered":"<p>DIMAS NATANAEL (REPUBLICANOS) Dimas Caetano de Sousa, conhecido como Dimas Natanael, nasceu em 9 de setembro de 1987, no munic\u00edpio de Carpina. Ele \u00e9 empres\u00e1rio e tem ra\u00edzes na agricultura, especialmente no cultivo de cana-de-a\u00e7\u00facar. Filho de Lula Natanael e <a class=\"leiamais\" href=\"https:\/\/itaenga.pe.gov.br\/v1\/o-prefeito\/\">VER MAIS <i class=\"fa-solid fa-chevron-right\"><\/i><\/a><\/p>\n","protected":false},"author":1,"featured_media":0,"parent":0,"menu_order":0,"comment_status":"closed","ping_status":"closed","template":"","meta":{"_acf_changed":false,"footnotes":""},"class_list":["post-147","page","type-page","status-publish","hentry","active"],"acf":[],"_links":{"self":[{"href":"https:\/\/itaenga.pe.gov.br\/v1\/wp-json\/wp\/v2\/pages\/147","targetHints":{"allow":["GET"]}}],"collection":[{"href":"https:\/\/itaenga.pe.gov.br\/v1\/wp-json\/wp\/v2\/pages"}],"about":[{"href":"https:\/\/itaenga.pe.gov.br\/v1\/wp-json\/wp\/v2\/types\/page"}],"author":[{"embeddable":true,"href":"https:\/\/itaenga.pe.gov.br\/v1\/wp-json\/wp\/v2\/users\/1"}],"replies":[{"embeddable":true,"href":"https:\/\/itaenga.pe.gov.br\/v1\/wp-json\/wp\/v2\/comments?post=147"}],"version-history":[{"count":19,"href":"https:\/\/itaenga.pe.gov.br\/v1\/wp-json\/wp\/v2\/pages\/147\/revisions"}],"predecessor-version":[{"id":279,"href":"https:\/\/itaenga.pe.gov.br\/v1\/wp-json\/wp\/v2\/pages\/147\/revisions\/279"}],"wp:attachment":[{"href":"https:\/\/itaenga.pe.gov.br\/v1\/wp-json\/wp\/v2\/media?parent=147"}],"curies":[{"name":"wp","href":"https:\/\/api.w.org\/{rel}","templated":true}]}}