{"id":1171,"date":"2026-04-20T11:30:46","date_gmt":"2026-04-20T14:30:46","guid":{"rendered":"https:\/\/itaenga.pe.gov.br\/v1\/?page_id=1171"},"modified":"2026-04-20T13:53:13","modified_gmt":"2026-04-20T16:53:13","slug":"pnab-2026","status":"publish","type":"page","link":"https:\/\/itaenga.pe.gov.br\/v1\/pnab-2026\/","title":{"rendered":"PNAB 2026"},"content":{"rendered":"<p><img loading=\"lazy\" decoding=\"async\" class=\"img-fluid alignnone size-full wp-image-1189\" src=\"https:\/\/itaenga.pe.gov.br\/v1\/wp-content\/uploads\/2026\/04\/PNAB2026.png\" alt=\"\" width=\"1200\" height=\"400\" srcset=\"https:\/\/itaenga.pe.gov.br\/v1\/wp-content\/uploads\/2026\/04\/PNAB2026.png 1200w, https:\/\/itaenga.pe.gov.br\/v1\/wp-content\/uploads\/2026\/04\/PNAB2026-300x100.png 300w, https:\/\/itaenga.pe.gov.br\/v1\/wp-content\/uploads\/2026\/04\/PNAB2026-1024x341.png 1024w, https:\/\/itaenga.pe.gov.br\/v1\/wp-content\/uploads\/2026\/04\/PNAB2026-768x256.png 768w\" sizes=\"auto, (max-width: 1200px) 100vw, 1200px\" \/><\/p>\n<p>A Pol\u00edtica Nacional Aldir Blanc de Fomento \u00e0 Cultura (PNAB) 2026 \u00e9 a continuidade da pol\u00edtica permanente (Lei n\u00ba 14.399\/2022) que repassa recursos federais para estados e munic\u00edpios fomentarem a cultura.<\/p>\n<p>&nbsp;<\/p>\n<hr \/>\n<p>&nbsp;<\/p>\n<p><strong>EDITAIS<\/strong><\/p>\n<p>&nbsp;<\/p>\n<ul>\n<li><a href=\"https:\/\/itaenga.pe.gov.br\/v1\/wp-content\/uploads\/2026\/04\/Edital-001-2026-FOMENTO-A-FESTIVAL-FEIRAS-CIRCULACAO-E-ESPETACULOS-LAGOA-DE-ITAENGA-PE.pdf\">Edital 001 2026 &#8211; FOMENTO A FESTIVAL, FEIRAS, CIRCULA\u00c7\u00c3O E ESPET\u00c1CULOS &#8211; LAGOA DE ITAENGA-PE<\/a><\/li>\n<li><a href=\"https:\/\/itaenga.pe.gov.br\/v1\/wp-content\/uploads\/2026\/04\/FORMULARIO-DE-INSCRICAO-E-ANEXOS-EDITAL-001-2026-FOMENTO-A-FESTIVALMOSTRAS-ESPETACULOS-FEIRAS-E-CIRCULACAO.docx\">FORMULARIO DE INSCRI\u00c7\u00c3O E ANEXOS EDITAL 001 2026 &#8211; FOMENTO A FESTIVAL,MOSTRAS, ESPET\u00c1CULOS, FEIRAS E CIRCULA\u00c7\u00c3O<\/a><\/li>\n<li><a href=\"https:\/\/itaenga.pe.gov.br\/v1\/wp-content\/uploads\/2026\/04\/Edital-002-2026-FOMENTO-CULTURAL-OFICINAS-LAGOA-DE-ITAENGA-PE.pdf\">Edital 002 2026 &#8211; FOMENTO CULTURAL &#8211; OFICINAS &#8211; LAGOA DE ITAENGA-PE<\/a><\/li>\n<li><a href=\"https:\/\/itaenga.pe.gov.br\/v1\/wp-content\/uploads\/2026\/04\/FORMULARIO-DE-INSCRICAO-E-ANEXOS-EDITAL-002-FOMENTO-A-OFICINAS-LAGOA-DE-ITAENGA-PE.docx\">FORMUL\u00c1RIO DE INSCRI\u00c7\u00c3O E ANEXOS &#8211; EDITAL 002 &#8211; FOMENTO A OFICINAS &#8211; LAGOA DE ITAENGA-PE<\/a><\/li>\n<li><a href=\"https:\/\/itaenga.pe.gov.br\/v1\/wp-content\/uploads\/2026\/04\/Edital-003-2026-PREMIACAO-CULTURAL-PARA-MESTRES-GRUPOS-E-ESPACOS-CULTURAIS.pdf\">Edital 003 2026 -PREMIA\u00c7\u00c3O CULTURAL &#8211; PARA MESTRES, GRUPOS E ESPA\u00c7OS CULTURAIS<\/a><\/li>\n<li><a href=\"https:\/\/itaenga.pe.gov.br\/v1\/wp-content\/uploads\/2026\/04\/FORMULARIO-DE-INSCRICAO-EDITAL-003-PREMIO-PARA-MESTRES-GRUPOS-E-ESPACOS-CULTURAIS.docx\">FORMULARIO DE INSCRI\u00c7\u00c3O EDITAL 003 PR\u00caMIO PARA MESTRES, GRUPOS E ESPA\u00c7OS CULTURAIS<\/a><\/li>\n<li><a href=\"https:\/\/itaenga.pe.gov.br\/v1\/wp-content\/uploads\/2026\/04\/Edital-004-2026-PREMIACAO-CULTURAL-PARA-ARTISTAS-INDIVIDUAIS-PESSOAS-FISICAS.pdf\">Edital 004 2026 -PREMIA\u00c7\u00c3O CULTURAL &#8211; PARA ARTISTAS INDIVIDUAIS &#8211; PESSOAS F\u00cdSICAS<\/a><\/li>\n<li><a href=\"https:\/\/itaenga.pe.gov.br\/v1\/wp-content\/uploads\/2026\/04\/FORMULARIO-DE-INSCRICAO-EDITAL-004-PREMIO-PARA-ARTISTAS-INDIVIDUAIS.docx\">FORMULARIO DE INSCRI\u00c7\u00c3O EDITAL 004 PR\u00caMIO PARA ARTISTAS INDIVIDUAIS<\/a><\/li>\n<\/ul>\n","protected":false},"excerpt":{"rendered":"<p>A Pol\u00edtica Nacional Aldir Blanc de Fomento \u00e0 Cultura (PNAB) 2026 \u00e9 a continuidade da pol\u00edtica permanente (Lei n\u00ba 14.399\/2022) que repassa recursos federais para estados e munic\u00edpios fomentarem a cultura. &nbsp; &nbsp; EDITAIS &nbsp; Edital 001 2026 &#8211; FOMENTO <a class=\"leiamais\" href=\"https:\/\/itaenga.pe.gov.br\/v1\/pnab-2026\/\">VER MAIS <i class=\"fa-solid fa-chevron-right\"><\/i><\/a><\/p>\n","protected":false},"author":1,"featured_media":0,"parent":0,"menu_order":0,"comment_status":"closed","ping_status":"closed","template":"","meta":{"_acf_changed":false,"footnotes":""},"class_list":["post-1171","page","type-page","status-publish","hentry","active"],"acf":[],"_links":{"self":[{"href":"https:\/\/itaenga.pe.gov.br\/v1\/wp-json\/wp\/v2\/pages\/1171","targetHints":{"allow":["GET"]}}],"collection":[{"href":"https:\/\/itaenga.pe.gov.br\/v1\/wp-json\/wp\/v2\/pages"}],"about":[{"href":"https:\/\/itaenga.pe.gov.br\/v1\/wp-json\/wp\/v2\/types\/page"}],"author":[{"embeddable":true,"href":"https:\/\/itaenga.pe.gov.br\/v1\/wp-json\/wp\/v2\/users\/1"}],"replies":[{"embeddable":true,"href":"https:\/\/itaenga.pe.gov.br\/v1\/wp-json\/wp\/v2\/comments?post=1171"}],"version-history":[{"count":9,"href":"https:\/\/itaenga.pe.gov.br\/v1\/wp-json\/wp\/v2\/pages\/1171\/revisions"}],"predecessor-version":[{"id":1191,"href":"https:\/\/itaenga.pe.gov.br\/v1\/wp-json\/wp\/v2\/pages\/1171\/revisions\/1191"}],"wp:attachment":[{"href":"https:\/\/itaenga.pe.gov.br\/v1\/wp-json\/wp\/v2\/media?parent=1171"}],"curies":[{"name":"wp","href":"https:\/\/api.w.org\/{rel}","templated":true}]}}