{"id":1118,"date":"2026-02-28T11:52:44","date_gmt":"2026-02-28T14:52:44","guid":{"rendered":"https:\/\/itaenga.pe.gov.br\/v1\/?page_id=1118"},"modified":"2026-02-28T11:59:10","modified_gmt":"2026-02-28T14:59:10","slug":"edital-de-chamamento-publico-no-03-2024-premios-pontos-e-pontoes-de-cultura-viva-pnab","status":"publish","type":"page","link":"https:\/\/itaenga.pe.gov.br\/v1\/pnab\/edital-de-chamamento-publico-no-03-2024-premios-pontos-e-pontoes-de-cultura-viva-pnab\/","title":{"rendered":"EDITAL DE CHAMAMENTO P\u00daBLICO N\u00ba 03\/2024 \u2013 PR\u00caMIOS PONTOS E PONT\u00d5ES DE CULTURA VIVA PNAB"},"content":{"rendered":"<p data-raofz=\"18\">REDE MUNICIPAL DE PONTOS E PONT\u00d5ES DE CULTURA DE LAGOA DE ITAENGA-PE.<br \/>\nCULTURA VIVA DO TAMANHO DO BRASIL!<br \/>\nPREMIA\u00c7\u00c3O DE PONTOS E PONT\u00d5ES DE CULTURA<\/p>\n<p data-raofz=\"18\"><strong>Confira e baixe abaixo o <a role=\"link\" href=\"#edital\" data-raofz=\"18\">edital<\/a> e todos os <a role=\"link\" href=\"#anexos\" data-raofz=\"18\">anexos<\/a> dispon\u00edveis para consulta e edi\u00e7\u00e3o:<\/strong><\/p>\n<hr id=\"edital\" class=\"wp-block-separator has-alpha-channel-oApacity\" \/>\n<p data-raofz=\"18\"><strong>EDITAL<\/strong><\/p>\n<p data-raofz=\"18\"><a role=\"link\" href=\"https:\/\/itaenga.pe.gov.br\/v1\/wp-content\/uploads\/2024\/10\/EDITAL-PREMIOS-PONTOS-E-PONTOES-DE-CULTURA-VIVA-PNAB.pdf\" data-raofz=\"18\">EDITAL \u2013 PREMIOS PONTOS E PONT\u00d5ES DE CULTURA VIVA PNAB<\/a><\/p>\n<p data-raofz=\"18\"><span style=\"color: #ffffff;\">.<\/span><\/p>\n<hr id=\"anexos\" class=\"wp-block-separator has-alpha-channel-opacity\" \/>\n<p data-raofz=\"18\"><strong>ANEXOS<\/strong><\/p>\n<ul>\n<li style=\"text-align: left;\" data-raofz=\"18\"><a role=\"link\" href=\"https:\/\/itaenga.pe.gov.br\/v1\/wp-content\/uploads\/2024\/10\/ANEXO-01-categorias-e-cotas-edital-premio-pontos-e-pontoes-de-cultura.docx\" data-raofz=\"18\">ANEXO 01 \u2013 categorias-e-cotas-edital-premio-pontos-e-pontoes-de-cultura<\/a><\/li>\n<li style=\"text-align: left;\" data-raofz=\"18\"><a role=\"link\" href=\"https:\/\/itaenga.pe.gov.br\/v1\/wp-content\/uploads\/2024\/10\/ANEXO-02-criterios-de-avaliacao-da-etapa-de-selecao-edital-premiacao-pontos-e-pontoes-de-cultura.docx\" data-raofz=\"18\">ANEXO 02-criterios-de-avaliacao-da-etapa-de-selecao-edital-premiacao-pontos-e-pontoes-de-cultura<\/a><\/li>\n<li style=\"text-align: left;\" data-raofz=\"18\"><a role=\"link\" href=\"https:\/\/itaenga.pe.gov.br\/v1\/wp-content\/uploads\/2024\/10\/ANEXO-03-formulario-de-inscricao-edital-premiacao-pontos-e-pontoes-de-cultura.docx\" data-raofz=\"18\">ANEXO 03 -formulario-de-inscricao-edital-premiacao-pontos-e-pontoes-de-cultura<\/a><\/li>\n<li style=\"text-align: left;\" data-raofz=\"18\"><a role=\"link\" href=\"https:\/\/itaenga.pe.gov.br\/v1\/wp-content\/uploads\/2024\/10\/ANEXO-04-declaracao-de-representacao-do-grupo_coletivo-cultural-edital-premio-pontos-e-pontoes.docx\" data-raofz=\"18\">ANEXO 04-declaracao-de-representacao-do-grupo_coletivo-cultural-edital-premio-pontos-e-pontoes<\/a><\/li>\n<li style=\"text-align: left;\" data-raofz=\"18\"><a role=\"link\" href=\"https:\/\/itaenga.pe.gov.br\/v1\/wp-content\/uploads\/2024\/10\/ANEXO-05-modelo-de-autodeclaracao-etnico-racial-edital-premiacao-pontos-e-pontoes-de-cultura.docx\" data-raofz=\"18\">ANEXO 05-modelo-de-autodeclaracao-etnico-racial-edital-premiacao-pontos-e-pontoes-de-cultura<\/a><\/li>\n<li style=\"text-align: left;\" data-raofz=\"18\"><a role=\"link\" href=\"https:\/\/itaenga.pe.gov.br\/v1\/wp-content\/uploads\/2024\/10\/ANEXO-06-modelo-de-autodeclaracao-para-pessoa-com-deficiencia-edital-premiacao-pontos-e-pontoes-de-cultura.docx\" data-raofz=\"18\">ANEXO 06 -modelo-de-autodeclaracao-para-pessoa-com-deficiencia-edital-premiacao-pontos-e-pontoes-de-cultura<\/a><\/li>\n<li style=\"text-align: left;\" data-raofz=\"18\"><a role=\"link\" href=\"https:\/\/itaenga.pe.gov.br\/v1\/wp-content\/uploads\/2024\/10\/ANEXO-07-formulario-para-pedido-de-recurso-etapa-de-selecao-e-etapa-de-habilitacao.docx\" data-raofz=\"18\">ANEXO 07-formulario-para-pedido-de-recurso-etapa-de-selecao-e-etapa-de-habilitacao<\/a><\/li>\n<\/ul>\n<p data-raofz=\"18\"><span style=\"color: #ffffff;\">.<\/span><\/p>\n<hr class=\"wp-block-separator has-alpha-channel-opacity\" \/>\n<p data-raofz=\"18\"><strong>Resultado 1\u00aa Etapa \u2013 PNAB Lagoa de Itaenga<\/strong><\/p>\n<p data-raofz=\"18\"><a role=\"link\" href=\"https:\/\/itaenga.pe.gov.br\/v1\/wp-content\/uploads\/2024\/11\/Resultado-1a-Etapa-Edital-Pontos-de-Cultura.pdf\" data-raofz=\"18\">Resultado 1\u00aa Etapa \u2013 Edital Pontos de Cultura<\/a><\/p>\n<p data-raofz=\"18\"><span style=\"color: #ffffff;\">.<\/span><\/p>\n<hr class=\"wp-block-separator has-alpha-channel-opacity\" \/>\n<p data-raofz=\"18\"><strong>Resultado 2\u00aa Etapa \u2013 PNAB Lagoa de Itaenga<\/strong><\/p>\n<p data-raofz=\"18\"><a role=\"link\" href=\"https:\/\/itaenga.pe.gov.br\/v1\/wp-content\/uploads\/2024\/11\/2a-FASE_-CULTURA-VIVA.pdf\" data-raofz=\"18\">2\u00aa FASE_ CULTURA VIVA<\/a><\/p>\n<p data-raofz=\"18\"><span style=\"color: #ffffff;\">.<\/span><\/p>\n<hr class=\"wp-block-separator has-alpha-channel-opacity\" \/>\n<p data-raofz=\"18\"><strong>Resultado Final \u2013 PNAB Lagoa de Itaenga<\/strong><\/p>\n<p data-raofz=\"18\"><a role=\"link\" href=\"https:\/\/itaenga.pe.gov.br\/v1\/wp-content\/uploads\/2024\/11\/RESULTADO-FINAL-EDITAL-CULTURA-VIVA.pdf\" data-raofz=\"18\">RESULTADO FINAL EDITAL CULTURA VIVA<\/a><\/p>\n","protected":false},"excerpt":{"rendered":"<p>REDE MUNICIPAL DE PONTOS E PONT\u00d5ES DE CULTURA DE LAGOA DE ITAENGA-PE. CULTURA VIVA DO TAMANHO DO BRASIL! PREMIA\u00c7\u00c3O DE PONTOS E PONT\u00d5ES DE CULTURA Confira e baixe abaixo o edital e todos os anexos dispon\u00edveis para consulta e edi\u00e7\u00e3o: <a class=\"leiamais\" href=\"https:\/\/itaenga.pe.gov.br\/v1\/pnab\/edital-de-chamamento-publico-no-03-2024-premios-pontos-e-pontoes-de-cultura-viva-pnab\/\">VER MAIS <i class=\"fa-solid fa-chevron-right\"><\/i><\/a><\/p>\n","protected":false},"author":1,"featured_media":0,"parent":1097,"menu_order":0,"comment_status":"closed","ping_status":"closed","template":"","meta":{"_acf_changed":false,"footnotes":""},"class_list":["post-1118","page","type-page","status-publish","hentry","active"],"acf":[],"_links":{"self":[{"href":"https:\/\/itaenga.pe.gov.br\/v1\/wp-json\/wp\/v2\/pages\/1118","targetHints":{"allow":["GET"]}}],"collection":[{"href":"https:\/\/itaenga.pe.gov.br\/v1\/wp-json\/wp\/v2\/pages"}],"about":[{"href":"https:\/\/itaenga.pe.gov.br\/v1\/wp-json\/wp\/v2\/types\/page"}],"author":[{"embeddable":true,"href":"https:\/\/itaenga.pe.gov.br\/v1\/wp-json\/wp\/v2\/users\/1"}],"replies":[{"embeddable":true,"href":"https:\/\/itaenga.pe.gov.br\/v1\/wp-json\/wp\/v2\/comments?post=1118"}],"version-history":[{"count":3,"href":"https:\/\/itaenga.pe.gov.br\/v1\/wp-json\/wp\/v2\/pages\/1118\/revisions"}],"predecessor-version":[{"id":1121,"href":"https:\/\/itaenga.pe.gov.br\/v1\/wp-json\/wp\/v2\/pages\/1118\/revisions\/1121"}],"up":[{"embeddable":true,"href":"https:\/\/itaenga.pe.gov.br\/v1\/wp-json\/wp\/v2\/pages\/1097"}],"wp:attachment":[{"href":"https:\/\/itaenga.pe.gov.br\/v1\/wp-json\/wp\/v2\/media?parent=1118"}],"curies":[{"name":"wp","href":"https:\/\/api.w.org\/{rel}","templated":true}]}}