{"id":1113,"date":"2026-02-28T11:48:17","date_gmt":"2026-02-28T14:48:17","guid":{"rendered":"https:\/\/itaenga.pe.gov.br\/v1\/?page_id=1113"},"modified":"2026-02-28T11:49:31","modified_gmt":"2026-02-28T14:49:31","slug":"edital-de-chamamento-publico-no-02-2024-premiacao-pnab","status":"publish","type":"page","link":"https:\/\/itaenga.pe.gov.br\/v1\/pnab\/edital-de-chamamento-publico-no-02-2024-premiacao-pnab\/","title":{"rendered":"EDITAL DE CHAMAMENTO P\u00daBLICO N\u00ba 02\/2024 \u2013 PREMIA\u00c7\u00c3O PNAB"},"content":{"rendered":"<p data-raofz=\"18\">PREMIA\u00c7\u00c3O PARA AGENTES CULTURAIS COM RECURSOS DA POL\u00cdTICA NACIONAL ALDIR<br \/>\nBLANC DE FOMENTO \u00c0 CULTURA \u2013 PNAB (LEI N\u00ba 14.399\/2022).<\/p>\n<p data-raofz=\"18\"><strong>Confira e baixe abaixo o <a role=\"link\" href=\"#edital\" data-raofz=\"18\">edital<\/a> e todos os <a role=\"link\" href=\"#anexos\" data-raofz=\"18\">anexos<\/a> dispon\u00edveis para consulta e edi\u00e7\u00e3o:<\/strong><\/p>\n<hr id=\"edital\" class=\"wp-block-separator has-alpha-channel-opacity\" \/>\n<p data-raofz=\"18\"><strong>EDITAL<\/strong><\/p>\n<p data-raofz=\"18\"><a role=\"link\" href=\"https:\/\/itaenga.pe.gov.br\/v1\/wp-content\/uploads\/2024\/10\/EDITAL-PREMIACAO-PNAB.pdf\" data-raofz=\"18\">EDITAL \u2013 PREMIA\u00c7\u00c3O PNAB<\/a><\/p>\n<p data-raofz=\"18\"><span style=\"color: #ffffff;\">.<\/span><\/p>\n<hr id=\"anexos\" class=\"wp-block-separator has-alpha-channel-opacity\" \/>\n<p data-raofz=\"18\"><strong>ANEXOS<\/strong><\/p>\n<ul>\n<li data-raofz=\"18\"><a role=\"link\" href=\"https:\/\/itaenga.pe.gov.br\/v1\/wp-content\/uploads\/2024\/10\/ANEXO-I-CATEGORIAS-2.docx\" data-raofz=\"18\">ANEXO I \u2013 CATEGORIAS<\/a><\/li>\n<li data-raofz=\"18\"><a role=\"link\" href=\"https:\/\/itaenga.pe.gov.br\/v1\/wp-content\/uploads\/2024\/10\/ANEXO-II-formulario-de-inscricao.docx\" data-raofz=\"18\">ANEXO II -formulario-de-inscricao<\/a><\/li>\n<li data-raofz=\"18\"><a role=\"link\" href=\"https:\/\/itaenga.pe.gov.br\/v1\/wp-content\/uploads\/2024\/10\/ANEXO-III-criterios-de-selecao-e-bonus-de-pontuacao-1.docx\" data-raofz=\"18\">ANEXO III \u2013 criterios-de-selecao-e-bonus-de-pontuacao (1)<\/a><\/li>\n<li data-raofz=\"18\"><a role=\"link\" href=\"https:\/\/itaenga.pe.gov.br\/v1\/wp-content\/uploads\/2024\/10\/ANEXO-IV-declaracao-de-representacao-de-grupo-ou-coletivo-1.docx\" data-raofz=\"18\">ANEXO IV -declaracao-de-representacao-de-grupo-ou-coletivo (1)<\/a><\/li>\n<li data-raofz=\"18\"><a role=\"link\" href=\"https:\/\/itaenga.pe.gov.br\/v1\/wp-content\/uploads\/2024\/10\/ANEXO-V-termo-de-premiacao-cultural.docx\" data-raofz=\"18\">ANEXO V -termo-de-premiacao-cultural<\/a><\/li>\n<li data-raofz=\"18\"><a role=\"link\" href=\"https:\/\/itaenga.pe.gov.br\/v1\/wp-content\/uploads\/2024\/10\/ANEXO-VI-declaracao-etnico-racial.docx\" data-raofz=\"18\">ANEXO VI declaracao-etnico-racial<\/a><\/li>\n<li data-raofz=\"18\"><a role=\"link\" href=\"https:\/\/itaenga.pe.gov.br\/v1\/wp-content\/uploads\/2024\/10\/ANEXO-VII-declaracao-pcd.docx\" data-raofz=\"18\">ANEXO VII-declaracao-pcd<\/a><\/li>\n<li data-raofz=\"18\"><a role=\"link\" href=\"https:\/\/itaenga.pe.gov.br\/v1\/wp-content\/uploads\/2024\/10\/ANEXO-VIII-formulario-de-recurso.docx\" data-raofz=\"18\">ANEXO VIII-formulario-de-recurso<\/a><\/li>\n<\/ul>\n<p><span style=\"color: #ffffff;\">.<\/span><\/p>\n<hr class=\"wp-block-separator has-alpha-channel-opacity\" \/>\n<p data-raofz=\"18\"><strong>Resultado 1\u00aa Etapa \u2013 PNAB Lagoa de Itaenga<\/strong><\/p>\n<p data-raofz=\"18\"><a role=\"link\" href=\"https:\/\/itaenga.pe.gov.br\/v1\/wp-content\/uploads\/2024\/11\/Resultado-1a-Etapa-Edital-de-Premiacao.pdf\" data-raofz=\"18\">Resultado 1\u00aa Etapa \u2013 Edital de Premia\u00e7\u00e3o<\/a><\/p>\n<p data-raofz=\"18\"><span style=\"color: #ffffff;\">.<\/span><\/p>\n<hr class=\"wp-block-separator has-alpha-channel-opacity\" \/>\n<p data-raofz=\"18\"><strong>Resultado 2\u00aa Etapa \u2013 PNAB Lagoa de Itaenga<\/strong><\/p>\n<p data-raofz=\"18\"><a role=\"link\" href=\"https:\/\/itaenga.pe.gov.br\/v1\/wp-content\/uploads\/2024\/11\/2a_FASE_-PREMIACAO.pdf\" data-raofz=\"18\">2\u00aa_FASE_ PREMIA\u00c7\u00c3O<\/a><\/p>\n<p data-raofz=\"18\"><span style=\"color: #ffffff;\">.<\/span><\/p>\n<hr class=\"wp-block-separator has-alpha-channel-opacity\" \/>\n<p data-raofz=\"18\"><strong>Resultado Final \u2013 PNAB Lagoa de Itaenga<\/strong><\/p>\n<p data-raofz=\"18\"><a role=\"link\" href=\"https:\/\/itaenga.pe.gov.br\/v1\/wp-content\/uploads\/2024\/11\/RESULTADO-FINAL-PREMIACAO.pdf\" data-raofz=\"18\">RESULTADO FINAL PREMIA\u00c7\u00c3O<\/a><\/p>\n","protected":false},"excerpt":{"rendered":"<p>PREMIA\u00c7\u00c3O PARA AGENTES CULTURAIS COM RECURSOS DA POL\u00cdTICA NACIONAL ALDIR BLANC DE FOMENTO \u00c0 CULTURA \u2013 PNAB (LEI N\u00ba 14.399\/2022). Confira e baixe abaixo o edital e todos os anexos dispon\u00edveis para consulta e edi\u00e7\u00e3o: EDITAL EDITAL \u2013 PREMIA\u00c7\u00c3O PNAB <a class=\"leiamais\" href=\"https:\/\/itaenga.pe.gov.br\/v1\/pnab\/edital-de-chamamento-publico-no-02-2024-premiacao-pnab\/\">VER MAIS <i class=\"fa-solid fa-chevron-right\"><\/i><\/a><\/p>\n","protected":false},"author":1,"featured_media":0,"parent":1097,"menu_order":0,"comment_status":"closed","ping_status":"closed","template":"","meta":{"_acf_changed":false,"footnotes":""},"class_list":["post-1113","page","type-page","status-publish","hentry","active"],"acf":[],"_links":{"self":[{"href":"https:\/\/itaenga.pe.gov.br\/v1\/wp-json\/wp\/v2\/pages\/1113","targetHints":{"allow":["GET"]}}],"collection":[{"href":"https:\/\/itaenga.pe.gov.br\/v1\/wp-json\/wp\/v2\/pages"}],"about":[{"href":"https:\/\/itaenga.pe.gov.br\/v1\/wp-json\/wp\/v2\/types\/page"}],"author":[{"embeddable":true,"href":"https:\/\/itaenga.pe.gov.br\/v1\/wp-json\/wp\/v2\/users\/1"}],"replies":[{"embeddable":true,"href":"https:\/\/itaenga.pe.gov.br\/v1\/wp-json\/wp\/v2\/comments?post=1113"}],"version-history":[{"count":3,"href":"https:\/\/itaenga.pe.gov.br\/v1\/wp-json\/wp\/v2\/pages\/1113\/revisions"}],"predecessor-version":[{"id":1116,"href":"https:\/\/itaenga.pe.gov.br\/v1\/wp-json\/wp\/v2\/pages\/1113\/revisions\/1116"}],"up":[{"embeddable":true,"href":"https:\/\/itaenga.pe.gov.br\/v1\/wp-json\/wp\/v2\/pages\/1097"}],"wp:attachment":[{"href":"https:\/\/itaenga.pe.gov.br\/v1\/wp-json\/wp\/v2\/media?parent=1113"}],"curies":[{"name":"wp","href":"https:\/\/api.w.org\/{rel}","templated":true}]}}