{"id":1105,"date":"2026-02-28T11:31:09","date_gmt":"2026-02-28T14:31:09","guid":{"rendered":"https:\/\/itaenga.pe.gov.br\/v1\/?page_id=1105"},"modified":"2026-02-28T11:44:36","modified_gmt":"2026-02-28T14:44:36","slug":"edital-de-chamamento-publico-no-01-2024-fomento-a-execucao-de-acoes-culturais-pnab","status":"publish","type":"page","link":"https:\/\/itaenga.pe.gov.br\/v1\/pnab\/edital-de-chamamento-publico-no-01-2024-fomento-a-execucao-de-acoes-culturais-pnab\/","title":{"rendered":"EDITAL DE CHAMAMENTO P\u00daBLICO N\u00ba 01\/2024 \u2013 FOMENTO A EXECU\u00c7\u00c3O DE A\u00c7\u00d5ES CULTURAIS PNAB"},"content":{"rendered":"\r\n<p>SELE\u00c7\u00c3O DE PROJETOS PARA FIRMAR TERMO DE EXECU\u00c7\u00c3O CULTURAL COM<br \/>RECURSOS DA POL\u00cdTICA NACIONAL ALDIR BLANC DE FOMENTO \u00c0 CULTURA \u2013<br \/>PNAB (LEI N\u00ba 14.399\/2022).<\/p>\r\n\r\n\r\n\r\n<p><strong>Confira e baixe abaixo o <a href=\"#edital\">edital<\/a> e todos os <a href=\"#anexos\">anexos<\/a> dispon\u00edveis para consulta e edi\u00e7\u00e3o:<\/strong><\/p>\r\n\r\n\r\n<hr id=\"edital\" class=\"wp-block-separator has-alpha-channel-opacity\" \/>\r\n\r\n\r\n<p><strong>EDITAL<\/strong><\/p>\r\n\r\n\r\n\r\n<p><a href=\"https:\/\/itaenga.pe.gov.br\/v1\/wp-content\/uploads\/2024\/10\/EDITAL-FOMENTO-A-EXECUCAO-DE-ACOES-CULTURAIS-PNAB.pdf\">EDITAL \u2013 FOMENTO A EXECU\u00c7\u00c3O DE A\u00c7\u00d5ES CULTURAIS PNAB<\/a><\/p>\r\n\r\n\r\n\r\n<p class=\"has-white-color has-text-color has-link-color wp-elements-c36bc47cf498409d429327fe95ac2985\">.<\/p>\r\n\r\n\r\n<hr id=\"anexos\" class=\"wp-block-separator has-alpha-channel-opacity\" \/>\r\n\r\n\r\n<p><strong>ANEXOS<\/strong><\/p>\r\n\r\n\r\n\r\n<ul class=\"wp-block-list\">\r\n<li><a href=\"https:\/\/itaenga.pe.gov.br\/v1\/wp-content\/uploads\/2024\/10\/ANEXO-I-categorias.docx\">ANEXO I \u2013 categorias<\/a><\/li>\r\n\r\n\r\n\r\n<li><a href=\"https:\/\/itaenga.pe.gov.br\/v1\/wp-content\/uploads\/2024\/10\/ANEXO-II-formulario-de-inscricao-e-plano-de-trabalho.docx\">ANEXO II \u2013 formulario-de-inscricao-e-plano-de-trabalho<\/a><\/li>\r\n\r\n\r\n\r\n<li><a href=\"https:\/\/itaenga.pe.gov.br\/v1\/wp-content\/uploads\/2024\/10\/ANEXO-III-criterios-de-avaliacao.docx\">ANEXO III \u2013 criterios-de-avaliacao<\/a><\/li>\r\n\r\n\r\n\r\n<li><a href=\"https:\/\/itaenga.pe.gov.br\/v1\/wp-content\/uploads\/2024\/10\/ANEXO-IV-termo-de-execucao-cultural.docx\">ANEXO IV \u2013 termo-de-execucao-cultural<\/a><\/li>\r\n\r\n\r\n\r\n<li><a href=\"https:\/\/itaenga.pe.gov.br\/v1\/wp-content\/uploads\/2024\/10\/ANEXO-V-relatorio-de-execucao-do-objeto.docx\">ANEXO V \u2013 relatorio-de-execucao-do-objeto<\/a><\/li>\r\n\r\n\r\n\r\n<li><a href=\"https:\/\/itaenga.pe.gov.br\/v1\/wp-content\/uploads\/2024\/10\/ANEXO-VI-declaracao-para-coletivo-sem-cnpj.docx\">ANEXO VI \u2013 declaracao-para-coletivo-sem-cnpj<\/a><\/li>\r\n\r\n\r\n\r\n<li><a href=\"https:\/\/itaenga.pe.gov.br\/v1\/wp-content\/uploads\/2024\/10\/ANEXO-VII-declaracao-para-cotas-pessoas-negras-e-indigenas.docx\">ANEXO VII \u2013 declaracao-para-cotas-pessoas-negras-e-indigenas<\/a><\/li>\r\n\r\n\r\n\r\n<li><a href=\"https:\/\/itaenga.pe.gov.br\/v1\/wp-content\/uploads\/2024\/10\/ANEXO-VIII-declaracao-para-cotas-pcd.docx\">ANEXO VIII \u2013 declaracao-para-cotas-pcd<\/a><\/li>\r\n\r\n\r\n\r\n<li><a href=\"https:\/\/itaenga.pe.gov.br\/v1\/wp-content\/uploads\/2024\/10\/ANEXO-IX-formulario-de-recurso.docx\">ANEXO IX \u2013 formulario-de-recurso<\/a><\/li>\r\n<\/ul>\r\n\r\n\r\n\r\n<p class=\"has-white-color has-text-color has-link-color wp-elements-c36bc47cf498409d429327fe95ac2985\">.<\/p>\r\n\r\n\r\n<hr class=\"wp-block-separator has-alpha-channel-opacity\" \/>\r\n\r\n\r\n<p><strong>Resultado 1\u00aa Etapa \u2013 PNAB Lagoa de Itaenga<\/strong><\/p>\r\n\r\n\r\n\r\n<p><a href=\"https:\/\/itaenga.pe.gov.br\/v1\/wp-content\/uploads\/2024\/11\/Resultado-1a-Etapa-Edital-de-Incentivo-Cultural.pdf\">Resultado 1\u00aa Etapa \u2013 Edital de Incentivo Cultural<\/a><\/p>\r\n\r\n\r\n\r\n<p class=\"has-white-color has-text-color has-link-color wp-elements-c36bc47cf498409d429327fe95ac2985\">.<\/p>\r\n\r\n\r\n<hr class=\"wp-block-separator has-alpha-channel-opacity\" \/>\r\n\r\n\r\n<p><strong>Resultado 2\u00aa Etapa \u2013 PNAB Lagoa de Itaenga<\/strong><\/p>\r\n\r\n\r\n\r\n<p><a href=\"https:\/\/itaenga.pe.gov.br\/v1\/wp-content\/uploads\/2024\/11\/2a-FASE_-INCENTIVO.pdf\">2\u00aa FASE_ INCENTIVO<\/a><\/p>\r\n\r\n\r\n\r\n<p class=\"has-white-color has-text-color has-link-color wp-elements-c36bc47cf498409d429327fe95ac2985\">.<\/p>\r\n\r\n\r\n<hr class=\"wp-block-separator has-alpha-channel-opacity\" \/>\r\n\r\n\r\n<p><strong>Resultado Final \u2013 PNAB Lagoa de Itaenga<\/strong><\/p>\r\n\r\n\r\n\r\n<p><a href=\"https:\/\/itaenga.pe.gov.br\/v1\/wp-content\/uploads\/2024\/11\/RESULTADO-FINAL-EDITAL-DE-INCENTIVO-.pdf\">RESULTADO FINAL EDITAL DE INCENTIVO<\/a><\/p>\r\n\r\n\r\n\r\n<p class=\"has-white-color has-text-color has-link-color wp-elements-371ce96d6b58289a7ffa2422df1fad7a\">\u00a0<\/p>\r\n\r\n\r\n<hr class=\"wp-block-separator has-alpha-channel-opacity\" \/>\r\n\r\n\r\n<p><strong>Errata \u2013 Inabilita\u00e7\u00e3o de Proponente da PNAB \u2013 Lagoa de Itaenga<\/strong><\/p>\r\n\r\n\r\n\r\n<p><a href=\"https:\/\/itaenga.pe.gov.br\/v1\/wp-content\/uploads\/2024\/11\/Errata-inabilitacao-de-proponente-da-PNAB-Lagoa-de-Itaenga.pdf\">Errata \u2013 inabilita\u00e7\u00e3o de proponente da PNAB \u2013 Lagoa de Itaenga<\/a><\/p>\r\n\r\n<p>&nbsp;<\/p>","protected":false},"excerpt":{"rendered":"<p>SELE\u00c7\u00c3O DE PROJETOS PARA FIRMAR TERMO DE EXECU\u00c7\u00c3O CULTURAL COMRECURSOS DA POL\u00cdTICA NACIONAL ALDIR BLANC DE FOMENTO \u00c0 CULTURA \u2013PNAB (LEI N\u00ba 14.399\/2022). Confira e baixe abaixo o edital e todos os anexos dispon\u00edveis para consulta e edi\u00e7\u00e3o: EDITAL EDITAL <a class=\"leiamais\" href=\"https:\/\/itaenga.pe.gov.br\/v1\/pnab\/edital-de-chamamento-publico-no-01-2024-fomento-a-execucao-de-acoes-culturais-pnab\/\">VER MAIS <i class=\"fa-solid fa-chevron-right\"><\/i><\/a><\/p>\n","protected":false},"author":1,"featured_media":0,"parent":1097,"menu_order":0,"comment_status":"closed","ping_status":"closed","template":"","meta":{"_acf_changed":false,"footnotes":""},"class_list":["post-1105","page","type-page","status-publish","hentry","active"],"acf":[],"_links":{"self":[{"href":"https:\/\/itaenga.pe.gov.br\/v1\/wp-json\/wp\/v2\/pages\/1105","targetHints":{"allow":["GET"]}}],"collection":[{"href":"https:\/\/itaenga.pe.gov.br\/v1\/wp-json\/wp\/v2\/pages"}],"about":[{"href":"https:\/\/itaenga.pe.gov.br\/v1\/wp-json\/wp\/v2\/types\/page"}],"author":[{"embeddable":true,"href":"https:\/\/itaenga.pe.gov.br\/v1\/wp-json\/wp\/v2\/users\/1"}],"replies":[{"embeddable":true,"href":"https:\/\/itaenga.pe.gov.br\/v1\/wp-json\/wp\/v2\/comments?post=1105"}],"version-history":[{"count":6,"href":"https:\/\/itaenga.pe.gov.br\/v1\/wp-json\/wp\/v2\/pages\/1105\/revisions"}],"predecessor-version":[{"id":1111,"href":"https:\/\/itaenga.pe.gov.br\/v1\/wp-json\/wp\/v2\/pages\/1105\/revisions\/1111"}],"up":[{"embeddable":true,"href":"https:\/\/itaenga.pe.gov.br\/v1\/wp-json\/wp\/v2\/pages\/1097"}],"wp:attachment":[{"href":"https:\/\/itaenga.pe.gov.br\/v1\/wp-json\/wp\/v2\/media?parent=1105"}],"curies":[{"name":"wp","href":"https:\/\/api.w.org\/{rel}","templated":true}]}}