{"id":1097,"date":"2026-02-28T10:28:45","date_gmt":"2026-02-28T13:28:45","guid":{"rendered":"https:\/\/itaenga.pe.gov.br\/v1\/?page_id=1097"},"modified":"2026-02-28T11:54:35","modified_gmt":"2026-02-28T14:54:35","slug":"pnab","status":"publish","type":"page","link":"https:\/\/itaenga.pe.gov.br\/v1\/pnab\/","title":{"rendered":"PNAB"},"content":{"rendered":"\n<figure class=\"wp-block-image size-large\"><img loading=\"lazy\" decoding=\"async\" width=\"1024\" height=\"410\" src=\"https:\/\/itaenga.pe.gov.br\/v1\/wp-content\/uploads\/2026\/02\/pnab-lagoa-de-itaenga-interna-1024x410.jpg\" alt=\"\" class=\"wp-image-1098\" srcset=\"https:\/\/itaenga.pe.gov.br\/v1\/wp-content\/uploads\/2026\/02\/pnab-lagoa-de-itaenga-interna-1024x410.jpg 1024w, https:\/\/itaenga.pe.gov.br\/v1\/wp-content\/uploads\/2026\/02\/pnab-lagoa-de-itaenga-interna-300x120.jpg 300w, https:\/\/itaenga.pe.gov.br\/v1\/wp-content\/uploads\/2026\/02\/pnab-lagoa-de-itaenga-interna-768x307.jpg 768w, https:\/\/itaenga.pe.gov.br\/v1\/wp-content\/uploads\/2026\/02\/pnab-lagoa-de-itaenga-interna.jpg 1500w\" sizes=\"auto, (max-width: 1024px) 100vw, 1024px\" \/><\/figure>\n\n\n\n<p>Ol\u00e1, agentes culturais do Munic\u00edpio de Lagoa de Itaenga-PE!<\/p>\n\n\n\n<p>Estamos muito felizes com o seu interesse em participar deste chamamento p\u00fablico. Os Editais de Fomento, Premia\u00e7\u00e3o e Cultura Viva s\u00e3o realizados com recursos do Governo Federal repassados pelo Minist\u00e9rio da Cultura, por meio da Pol\u00edtica Nacional Aldir Blanc de Fomento \u00e0 Cultura (PNAB). Aqui, voc\u00ea vai encontrar as regras e como fazer para se inscrever. Boa leitura. Desejamos sucesso!<\/p>\n\n\n\n<p><strong>Clique e confira na lista abaixo os editais com todos os anexos de cada chamamento p\u00fablico informado, e&nbsp;mais abaixo os resultados de cada um deles:<\/strong><\/p>\n\n\n\n<ul class=\"wp-block-list\">\n<li><a href=\"https:\/\/itaenga.pe.gov.br\/v1\/pnab\/edital-de-chamamento-publico-no-01-2024-fomento-a-execucao-de-acoes-culturais-pnab\/\" target=\"_blank\" rel=\"noreferrer noopener\">EDITAL DE CHAMAMENTO P\u00daBLICO N\u00ba 01\/2024 \u2013 FOMENTO A EXECU\u00c7\u00c3O DE A\u00c7\u00d5ES CULTURAIS PNAB<\/a><\/li>\n\n\n\n<li><a href=\"https:\/\/itaenga.pe.gov.br\/v1\/pnab\/edital-de-chamamento-publico-no-02-2024-premiacao-pnab\/\" target=\"_blank\" rel=\"noreferrer noopener\">EDITAL DE CHAMAMENTO P\u00daBLICO N\u00ba 02\/2024 \u2013 PREMIA\u00c7\u00c3O PNAB<\/a><\/li>\n\n\n\n<li><a href=\"https:\/\/itaenga.pe.gov.br\/v1\/edital-de-chamamento-publico-no-03-2024-premios-pontos-e-pontoes-de-cultura-viva-pnab\/\" target=\"_blank\" rel=\"noreferrer noopener\">EDITAL DE CHAMAMENTO P\u00daBLICO N\u00ba 03\/2024 \u2013 PR\u00caMIOS PONTOS E PONT\u00d5ES DE CULTURA VIVA PNAB<\/a><\/li>\n<\/ul>\n\n\n\n<p class=\"has-white-color has-text-color has-link-color wp-elements-7e4ac651328708ea719ac0894fa30934\">.<\/p>\n\n\n\n<p><strong>ATEN\u00c7\u00c3O: CONFIRA A ERRATA COM A ATUALIZA\u00c7\u00c3O DO CALEND\u00c1RIO DA PNAB DE LAGOA DE ITAENGA<\/strong><\/p>\n\n\n\n<p><strong><a href=\"..\/wp-content\/uploads\/2024\/11\/Errata-atualizacao-do-calendario-da-PNAB-Lagoa-de-Itaenga.pdf\" target=\"_blank\" rel=\"noreferrer noopener\">ERRATA \u2013 ATUALIZA\u00c7\u00c3O DO CALEND\u00c1RIO DA PNAB \u2013 LAGOA DE ITAENGA<\/a><\/strong><\/p>\n\n\n\n<p class=\"has-white-color has-text-color has-link-color wp-elements-7e4ac651328708ea719ac0894fa30934\">.<\/p>\n\n\n\n<p><strong>RESULTADO 1\u00aa ETAPA \u2013 PNAB LAGOA DE ITAENGA<\/strong><\/p>\n\n\n\n<p><a href=\"..\/wp-content\/uploads\/2024\/11\/Resultado-1a-Etapa-Edital-de-Incentivo-Cultural.pdf\" target=\"_blank\" rel=\"noreferrer noopener\"><strong>RESULTADO 1\u00aa ETAPA \u2013 EDITAL DE INCENTIVO CULTURAL<\/strong><\/a><\/p>\n\n\n\n<p><strong><a href=\"..\/wp-content\/uploads\/2024\/11\/Resultado-1a-Etapa-Edital-de-Premiacao.pdf\" target=\"_blank\" rel=\"noreferrer noopener\">RESULTADO 1\u00aa ETAPA \u2013 EDITAL DE PREMIA\u00c7\u00c3O<\/a><\/strong><\/p>\n\n\n\n<p><strong><a href=\"..\/wp-content\/uploads\/2024\/11\/Resultado-1a-Etapa-Edital-Pontos-de-Cultura.pdf\" target=\"_blank\" rel=\"noreferrer noopener\">RESULTADO 1\u00aa ETAPA \u2013 EDITAL PONTOS DE CULTURA<\/a><\/strong><\/p>\n\n\n\n<p class=\"has-white-color has-text-color has-link-color wp-elements-7e4ac651328708ea719ac0894fa30934\">.<\/p>\n\n\n\n<p><strong>RESULTADO 2\u00aa ETAPA \u2013 PNAB LAGOA DE ITAENGA<\/strong><\/p>\n\n\n\n<p><strong><a href=\"..\/wp-content\/uploads\/2024\/11\/2a-FASE_-INCENTIVO.pdf\" target=\"_blank\" rel=\"noreferrer noopener\">RESULTADO 2\u00aa ETAPA \u2013 EDITAL DE INCENTIVO CULTURAL<\/a><\/strong><\/p>\n\n\n\n<p><strong><a href=\"..\/wp-content\/uploads\/2024\/11\/2a_FASE_-PREMIACAO.pdf\" target=\"_blank\" rel=\"noreferrer noopener\">RESULTADO 2\u00aa ETAPA \u2013 EDITAL DE PREMIA\u00c7\u00c3O<\/a><\/strong><\/p>\n\n\n\n<p><strong><a href=\"..\/wp-content\/uploads\/2024\/11\/2a-FASE_-CULTURA-VIVA.pdf\" target=\"_blank\" rel=\"noreferrer noopener\">RESULTADO 2\u00aa ETAPA \u2013 EDITAL PONTOS DE CULTURA<\/a><\/strong><\/p>\n\n\n\n<p class=\"has-white-color has-text-color has-link-color wp-elements-7e4ac651328708ea719ac0894fa30934\">.<\/p>\n\n\n\n<p><strong>RESULTADO FINAL \u2013 PNAB LAGOA DE ITAENGA<\/strong><\/p>\n\n\n\n<p><strong><a href=\"..\/wp-content\/uploads\/2024\/11\/RESULTADO-FINAL-EDITAL-DE-INCENTIVO-.pdf\" target=\"_blank\" rel=\"noreferrer noopener\">RESULTADO FINAL \u2013 EDITAL DE INCENTIVO CULTURAL<\/a><\/strong><\/p>\n\n\n\n<p><strong><a href=\"..\/wp-content\/uploads\/2024\/11\/RESULTADO-FINAL-PREMIACAO.pdf\" target=\"_blank\" rel=\"noreferrer noopener\">RESULTADO FINAL \u2013 EDITAL DE PREMIA\u00c7\u00c3O<\/a><\/strong><\/p>\n\n\n\n<p><strong><a href=\"..\/wp-content\/uploads\/2024\/11\/RESULTADO-FINAL-EDITAL-CULTURA-VIVA.pdf\" target=\"_blank\" rel=\"noreferrer noopener\">RESULTADO FINAL \u2013 EDITAL PONTOS DE CULTURA<\/a><\/strong><\/p>\n\n\n\n<p class=\"has-white-color has-text-color has-link-color wp-elements-7e4ac651328708ea719ac0894fa30934\">.<\/p>\n\n\n\n<p><strong>Errata \u2013 Inabilita\u00e7\u00e3o de Proponente da PNAB \u2013 Lagoa de Itaenga<\/strong><\/p>\n\n\n\n<p><strong><a href=\"..\/wp-content\/uploads\/2024\/11\/Errata-inabilitacao-de-proponente-da-PNAB-Lagoa-de-Itaenga.pdf\" target=\"_blank\" rel=\"noreferrer noopener\">Errata \u2013 inabilita\u00e7\u00e3o de proponente da PNAB<\/a><\/strong><\/p>\n","protected":false},"excerpt":{"rendered":"<p>Ol\u00e1, agentes culturais do Munic\u00edpio de Lagoa de Itaenga-PE! Estamos muito felizes com o seu interesse em participar deste chamamento p\u00fablico. Os Editais de Fomento, Premia\u00e7\u00e3o e Cultura Viva s\u00e3o realizados com recursos do Governo Federal repassados pelo Minist\u00e9rio da <a class=\"leiamais\" href=\"https:\/\/itaenga.pe.gov.br\/v1\/pnab\/\">VER MAIS <i class=\"fa-solid fa-chevron-right\"><\/i><\/a><\/p>\n","protected":false},"author":1,"featured_media":0,"parent":0,"menu_order":0,"comment_status":"closed","ping_status":"closed","template":"","meta":{"_acf_changed":false,"footnotes":""},"class_list":["post-1097","page","type-page","status-publish","hentry","active"],"acf":[],"_links":{"self":[{"href":"https:\/\/itaenga.pe.gov.br\/v1\/wp-json\/wp\/v2\/pages\/1097","targetHints":{"allow":["GET"]}}],"collection":[{"href":"https:\/\/itaenga.pe.gov.br\/v1\/wp-json\/wp\/v2\/pages"}],"about":[{"href":"https:\/\/itaenga.pe.gov.br\/v1\/wp-json\/wp\/v2\/types\/page"}],"author":[{"embeddable":true,"href":"https:\/\/itaenga.pe.gov.br\/v1\/wp-json\/wp\/v2\/users\/1"}],"replies":[{"embeddable":true,"href":"https:\/\/itaenga.pe.gov.br\/v1\/wp-json\/wp\/v2\/comments?post=1097"}],"version-history":[{"count":9,"href":"https:\/\/itaenga.pe.gov.br\/v1\/wp-json\/wp\/v2\/pages\/1097\/revisions"}],"predecessor-version":[{"id":1122,"href":"https:\/\/itaenga.pe.gov.br\/v1\/wp-json\/wp\/v2\/pages\/1097\/revisions\/1122"}],"wp:attachment":[{"href":"https:\/\/itaenga.pe.gov.br\/v1\/wp-json\/wp\/v2\/media?parent=1097"}],"curies":[{"name":"wp","href":"https:\/\/api.w.org\/{rel}","templated":true}]}}